{"id":1290,"date":"2025-10-07T10:02:18","date_gmt":"2025-10-07T08:02:18","guid":{"rendered":"https:\/\/reducio.com\/shared-service-center\/"},"modified":"2026-02-05T14:26:58","modified_gmt":"2026-02-05T13:26:58","slug":"shared-service-center","status":"publish","type":"page","link":"https:\/\/reducio.com\/en\/shared-service-center\/","title":{"rendered":"Shared Service Center"},"content":{"rendered":"<div class=\"et_pb_section_0 et_pb_section et_section_regular et_flex_section\">\n<div class=\"et_pb_row_0 et_pb_row et_flex_row preset--group--divi-row--divi-background--w5gmw7yfrn\">\n<div class=\"et_pb_column_0 et_pb_column et-last-child et_flex_column et_pb_css_mix_blend_mode_passthrough et_flex_column_24_24 et_flex_column_24_24_tablet et_flex_column_24_24_phone\">\n<ul class=\"et_pb_icon_list_0 et_pb_icon_list et_pb_module et_flex_module preset--module--divi-icon-list--2lzliyn0h6\">\n<li class=\"et_pb_icon_list_item_0 et_pb_icon_list_item et_pb_module et_flex_module\"><span class=\"et-pb-icon\">\uf30b<\/span><div class=\"et_pb_icon_list_text\">OUR SERVICES<\/div><\/li>\n<\/ul>\n\n<div class=\"et_pb_heading_0 et_pb_heading et_pb_module et_block_module\"><div class=\"et_pb_heading_container\"><h1 class=\"et_pb_module_header\">Shared Service Center<\/h1><\/div><\/div>\n\n<div class=\"et_pb_text_0 et_pb_text et_pb_bg_layout_light et_pb_module et_block_module\"><div class=\"et_pb_text_inner\"><p>Are you overwhelmed by the administrative tasks related to managing your suppliers? Do you want a reliable, rapid-deployment solution tailored to the complexity of your organization that, of course, reduces your overhead costs? Check out REDUCIO!<\/p>\n<\/div><\/div>\n<\/div>\n<\/div>\n\n<div class=\"et_pb_row_1 et_pb_row et_flex_row numbers-line\">\n<div class=\"et_pb_column_1 et_pb_column et_flex_column et_pb_css_mix_blend_mode_passthrough et_flex_column_8_24 et_flex_column_8_24_tablet et_flex_column_24_24_phone\">\n<div class=\"et_pb_number_counter_0 et_pb_number_counter et_pb_bg_layout_light et_pb_text_align_center et_pb_with_title et_pb_module et_block_module preset--module--divi-number-counter--default\"><div class=\"percent\"><p><span class=\"percent-value\"><\/span><span class=\"percent-sign\"><\/span><\/p><\/div><h3 class=\"title\">available and competent<\/h3><\/div>\n<\/div>\n\n<div class=\"et_pb_column_2 et_pb_column et_flex_column et_pb_css_mix_blend_mode_passthrough et_flex_column_8_24 et_flex_column_8_24_tablet et_flex_column_24_24_phone\">\n<div class=\"et_pb_number_counter_1 et_pb_number_counter et_pb_bg_layout_light et_pb_text_align_center et_pb_with_title et_pb_module et_block_module preset--module--divi-number-counter--default\"><div class=\"percent\"><p><span class=\"percent-value\"><\/span><span class=\"percent-sign\"><\/span><\/p><\/div><h3 class=\"title\"> integrated ERP<\/h3><\/div>\n<\/div>\n\n<div class=\"et_pb_column_3 et_pb_column et-last-child et_flex_column et_pb_css_mix_blend_mode_passthrough et_flex_column_8_24 et_flex_column_8_24_tablet et_flex_column_24_24_phone\">\n<div class=\"et_pb_number_counter_2 et_pb_number_counter et_pb_bg_layout_light et_pb_text_align_center et_pb_with_title et_pb_module et_block_module preset--module--divi-number-counter--default\"><div class=\"percent\"><p><span class=\"percent-value\"><\/span><span class=\"percent-sign\"><\/span><\/p><\/div><h3 class=\"title\">rules understood and respected<\/h3><\/div>\n<\/div>\n<\/div>\n<\/div>\n\n<div class=\"et_pb_section_1 et_pb_section et_section_regular et_flex_section\">\n<div class=\"et_pb_row_2 et_pb_row et_flex_row\">\n<div class=\"et_pb_column_4 et_pb_column et_flex_column et_pb_css_mix_blend_mode_passthrough et_flex_column_3_5 et_flex_column_3_5_tablet et_flex_column_24_24_phone\">\n<div class=\"et_pb_text_1 et_pb_text et_pb_bg_layout_light et_pb_module et_block_module\"><div class=\"et_pb_text_inner\"><p><strong>Over the years, REDUCIO has developed tools and practices to manage administrative tasks and processes at a competitive cost, even compared to \"Low Cost\" BPO (Business Process Outsourcing), compliant with current regulations and with a very relevant sense of service, as if we were working in the office next door!<\/strong><span style=\"font-weight: 400;\"><\/span><\/p>\n<\/div><\/div>\n\n<div class=\"et_pb_heading_1 et_pb_heading et_pb_module et_block_module\"><div class=\"et_pb_heading_container\"><h3 class=\"et_pb_module_header\">Examples of administrative tasks:<\/h3><\/div><\/div>\n\n<ul class=\"et_pb_icon_list_1 et_pb_icon_list et_pb_module et_flex_module checked-list\">\n<li class=\"et_pb_icon_list_item_1 et_pb_icon_list_item et_pb_module et_flex_module\"><span class=\"et-pb-icon\">\uf058<\/span><div class=\"et_pb_icon_list_text\">Supplier invoice management (archiving, accounting allocation, etc.)<\/div><\/li>\n\n<li class=\"et_pb_icon_list_item_2 et_pb_icon_list_item et_pb_module et_flex_module\"><span class=\"et-pb-icon\">\uf058<\/span><div class=\"et_pb_icon_list_text\">Managing supplier payments (respecting payment deadlines, monitoring cash flow, etc.)<\/div><\/li>\n\n<li class=\"et_pb_icon_list_item_3 et_pb_icon_list_item et_pb_module et_flex_module\"><span class=\"et-pb-icon\">\uf058<\/span><div class=\"et_pb_icon_list_text\">Supplier contract management (contract design and issuance, signature process, archiving, integration into a collaborative contract library, deadline management with alert system, etc.)<\/div><\/li>\n\n<li class=\"et_pb_icon_list_item_4 et_pb_icon_list_item et_pb_module et_flex_module\"><span class=\"et-pb-icon\">\uf058<\/span><div class=\"et_pb_icon_list_text\">Delivery tracking<\/div><\/li>\n\n<li class=\"et_pb_icon_list_item_5 et_pb_icon_list_item et_pb_module et_flex_module\"><span class=\"et-pb-icon\">\uf058<\/span><div class=\"et_pb_icon_list_text\">Supplier Sourcing (see REDUCIO Direct)<\/div><\/li>\n\n<li class=\"et_pb_icon_list_item_6 et_pb_icon_list_item et_pb_module et_flex_module\"><span class=\"et-pb-icon\">\uf058<\/span><div class=\"et_pb_icon_list_text\">Supplier invoice forwarding (see REDUCIO Direct)<\/div><\/li>\n<\/ul>\n<\/div>\n\n<div class=\"et_pb_column_5 et_pb_column et-last-child et_flex_column et_pb_css_mix_blend_mode_passthrough et_flex_column_2_5 et_flex_column_2_5_tablet et_flex_column_24_24_phone\">\n<div class=\"et_pb_image_0 et_pb_image et_pb_module et_block_module\"><span class=\"et_pb_image_wrap\"><img loading=\"lazy\" decoding=\"async\" src=\"https:\/\/reducio.com\/wp-content\/uploads\/2025\/10\/Service-partages-taches-administratives.jpg\" alt=\"T\u00e2ches administratives en service partag\u00e9\" width=\"509\" height=\"487\" srcset=\"https:\/\/reducio.com\/wp-content\/uploads\/2025\/10\/Service-partages-taches-administratives.jpg 509w\" sizes=\"(max-width: 509px) 100vw, 509px\" class=\"wp-image-939\" \/><\/span><\/div>\n<\/div>\n<\/div>\n\n<div class=\"et_pb_row_3 et_pb_row et_flex_row\">\n<div class=\"et_pb_column_6 et_pb_column et_flex_column et_pb_css_mix_blend_mode_passthrough et_flex_column_2_5 et_flex_column_2_5_tablet et_flex_column_24_24_phone\">\n<div class=\"et_pb_image_1 et_pb_image et_pb_module et_block_module\"><span class=\"et_pb_image_wrap\"><img loading=\"lazy\" decoding=\"async\" src=\"https:\/\/reducio.com\/wp-content\/uploads\/2025\/11\/Services-partages-assistance-complete.jpg\" alt=\"Service partag\u00e9 - assistance compl\u00e8te\" width=\"800\" height=\"800\" srcset=\"https:\/\/reducio.com\/wp-content\/uploads\/2025\/11\/Services-partages-assistance-complete.jpg 800w\" sizes=\"(max-width: 800px) 100vw, 800px\" class=\"wp-image-1083\" \/><\/span><\/div>\n<\/div>\n\n<div class=\"et_pb_column_7 et_pb_column et-last-child et_flex_column et_pb_css_mix_blend_mode_passthrough et_flex_column_3_5 et_flex_column_3_5_tablet et_flex_column_24_24_phone\">\n<div class=\"et_pb_heading_2 et_pb_heading et_pb_module et_block_module\"><div class=\"et_pb_heading_container\"><h3 class=\"et_pb_module_header\">The assistance is complete<\/h3><\/div><\/div>\n\n<ul class=\"et_pb_icon_list_2 et_pb_icon_list et_pb_module et_flex_module checked-list\">\n<li class=\"et_pb_icon_list_item_7 et_pb_icon_list_item et_pb_module et_flex_module\"><span class=\"et-pb-icon\">\uf058<\/span><div class=\"et_pb_icon_list_text\">Personalized contact (email, chat, phone, webinar)<\/div><\/li>\n\n<li class=\"et_pb_icon_list_item_8 et_pb_icon_list_item et_pb_module et_flex_module\"><span class=\"et-pb-icon\">\uf058<\/span><div class=\"et_pb_icon_list_text\">Managing each event per ticket<\/div><\/li>\n\n<li class=\"et_pb_icon_list_item_9 et_pb_icon_list_item et_pb_module et_flex_module\"><span class=\"et-pb-icon\">\uf058<\/span><div class=\"et_pb_icon_list_text\">Dashboard with detailed indicators<\/div><\/li>\n<\/ul>\n<\/div>\n<\/div>\n\n<div class=\"et_pb_row_4 et_pb_row et_flex_row\">\n<div class=\"et_pb_column_8 et_pb_column et_flex_column et_pb_css_mix_blend_mode_passthrough et_flex_column_3_5 et_flex_column_3_5_tablet et_flex_column_24_24_phone\">\n<div class=\"et_pb_heading_3 et_pb_heading et_pb_module et_block_module\"><div class=\"et_pb_heading_container\"><h3 class=\"et_pb_module_header\">The capabilities are numerous:<\/h3><\/div><\/div>\n\n<ul class=\"et_pb_icon_list_3 et_pb_icon_list et_pb_module et_flex_module checked-list\">\n<li class=\"et_pb_icon_list_item_10 et_pb_icon_list_item et_pb_module et_flex_module\"><span class=\"et-pb-icon\">\uf058<\/span><div class=\"et_pb_icon_list_text\">Integration with customer and supplier IT systems<\/div><\/li>\n\n<li class=\"et_pb_icon_list_item_11 et_pb_icon_list_item et_pb_module et_flex_module\"><span class=\"et-pb-icon\">\uf058<\/span><div class=\"et_pb_icon_list_text\">Possible location in France and internationally<\/div><\/li>\n\n<li class=\"et_pb_icon_list_item_12 et_pb_icon_list_item et_pb_module et_flex_module\"><span class=\"et-pb-icon\">\uf058<\/span><div class=\"et_pb_icon_list_text\">Multilingual support (FR \/ UK \/ DE \/ IT \/ SP for now)<\/div><\/li>\n\n<li class=\"et_pb_icon_list_item_13 et_pb_icon_list_item et_pb_module et_flex_module\"><span class=\"et-pb-icon\">\uf058<\/span><div class=\"et_pb_icon_list_text\">Customized and translated documentation for each client entity (site, company)<\/div><\/li>\n<\/ul>\n<\/div>\n\n<div class=\"et_pb_column_9 et_pb_column et-last-child et_flex_column et_pb_css_mix_blend_mode_passthrough et_flex_column_2_5 et_flex_column_2_5_tablet et_flex_column_24_24_phone\">\n<div class=\"et_pb_image_2 et_pb_image et_pb_module et_block_module\"><span class=\"et_pb_image_wrap\"><img loading=\"lazy\" decoding=\"async\" src=\"https:\/\/reducio.com\/wp-content\/uploads\/2025\/11\/Service-partage-integration-systeme-informatique.jpg\" alt=\"Service partag\u00e9, int\u00e9gration aux syst\u00e8mes informatiques\" width=\"800\" height=\"800\" srcset=\"https:\/\/reducio.com\/wp-content\/uploads\/2025\/11\/Service-partage-integration-systeme-informatique.jpg 800w\" sizes=\"(max-width: 800px) 100vw, 800px\" class=\"wp-image-1082\" \/><\/span><\/div>\n<\/div>\n<\/div>\n<\/div>\n\n<div class=\"et_pb_section_2 et_pb_section et_section_regular et_flex_section\">\n<div class=\"et_pb_row_5 et_pb_row et_flex_row\">\n<div class=\"et_pb_column_10 et_pb_column et-last-child et_flex_column et_pb_css_mix_blend_mode_passthrough et_flex_column_24_24 et_flex_column_24_24_tablet et_flex_column_24_24_phone\">\n<div class=\"et_pb_text_2 et_pb_text et_pb_bg_layout_light et_pb_module et_block_module\"><div class=\"et_pb_text_inner\"><h3>For a quote, please contact us.<\/h3>\n<\/div><\/div>\n\n<div class=\"et_pb_module et_pb_button_module_wrapper et_pb_button_0_wrapper\"><a class=\"et_pb_button_0 et_pb_button et_pb_bg_layout_light et_animated et_pb_module et_block_module\" href=\"https:\/\/reducio.com\/en\/contact-us\/\">Let&#039;s make an appointment<\/a><\/div>\n<\/div>\n<\/div>\n<\/div>","protected":false},"excerpt":{"rendered":"<p>Are you overwhelmed by all the administrative tasks related to managing your suppliers? Do you want a reliable, quick-to-implement solution that&#8217;s tailored to the complexity of your organization and, of course, reduces your management costs? Check out REDUCIO!<\/p>\n","protected":false},"author":3,"featured_media":0,"parent":0,"menu_order":0,"comment_status":"closed","ping_status":"closed","template":"","meta":{"footnotes":""},"class_list":["post-1290","page","type-page","status-publish","hentry"],"_links":{"self":[{"href":"https:\/\/reducio.com\/en\/wp-json\/wp\/v2\/pages\/1290","targetHints":{"allow":["GET"]}}],"collection":[{"href":"https:\/\/reducio.com\/en\/wp-json\/wp\/v2\/pages"}],"about":[{"href":"https:\/\/reducio.com\/en\/wp-json\/wp\/v2\/types\/page"}],"author":[{"embeddable":true,"href":"https:\/\/reducio.com\/en\/wp-json\/wp\/v2\/users\/3"}],"replies":[{"embeddable":true,"href":"https:\/\/reducio.com\/en\/wp-json\/wp\/v2\/comments?post=1290"}],"version-history":[{"count":3,"href":"https:\/\/reducio.com\/en\/wp-json\/wp\/v2\/pages\/1290\/revisions"}],"predecessor-version":[{"id":1537,"href":"https:\/\/reducio.com\/en\/wp-json\/wp\/v2\/pages\/1290\/revisions\/1537"}],"wp:attachment":[{"href":"https:\/\/reducio.com\/en\/wp-json\/wp\/v2\/media?parent=1290"}],"curies":[{"name":"wp","href":"https:\/\/api.w.org\/{rel}","templated":true}]}}