{"id":1582,"date":"2025-10-07T09:48:59","date_gmt":"2025-10-07T07:48:59","guid":{"rendered":"https:\/\/reducio.com\/wiederverkauf-von-gebrauchtmaterial\/"},"modified":"2026-02-06T15:52:45","modified_gmt":"2026-02-06T14:52:45","slug":"wiederverkauf-von-gebrauchtmaterial","status":"publish","type":"page","link":"https:\/\/reducio.com\/de\/wiederverkauf-von-gebrauchtmaterial\/","title":{"rendered":"Wiederverkauf von Gebrauchtmaterial"},"content":{"rendered":"<div class=\"et_pb_section_0 et_pb_section et_section_regular et_flex_section\">\n<div class=\"et_pb_row_0 et_pb_row et_flex_row preset--group--divi-row--divi-background--w5gmw7yfrn\">\n<div class=\"et_pb_column_0 et_pb_column et-last-child et_flex_column et_pb_css_mix_blend_mode_passthrough et_flex_column_24_24 et_flex_column_24_24_tablet et_flex_column_24_24_phone\">\n<ul class=\"et_pb_icon_list_0 et_pb_icon_list et_pb_module et_flex_module preset--module--divi-icon-list--2lzliyn0h6\">\n<li class=\"et_pb_icon_list_item_0 et_pb_icon_list_item et_pb_module et_flex_module\"><span class=\"et-pb-icon\">\uf30b<\/span><div class=\"et_pb_icon_list_text\">UNSERE DIENSTLEISTUNGEN<\/div><\/li>\n<\/ul>\n\n<div class=\"et_pb_heading_0 et_pb_heading et_pb_module et_block_module\"><div class=\"et_pb_heading_container\"><h1 class=\"et_pb_module_header\">Wiederverkauf von Gebrauchtmaterial<\/h1><\/div><\/div>\n\n<div class=\"et_pb_text_0 et_pb_text et_pb_bg_layout_light et_pb_module et_block_module\"><div class=\"et_pb_text_inner\"><p><span style=\"font-weight: 400;\">REDUCIO bietet an, den Wiederverkauf von ungenutztem oder veraltetem Material oder Ger\u00e4ten zu \u00fcbernehmen.<\/span><\/p>\n<\/div><\/div>\n<\/div>\n<\/div>\n\n<div class=\"et_pb_row_1 et_pb_row et_flex_row numbers-line\">\n<div class=\"et_pb_column_1 et_pb_column et_flex_column et_pb_css_mix_blend_mode_passthrough et_flex_column_6_24 et_flex_column_12_24_tablet et_flex_column_24_24_phone\">\n<div class=\"et_pb_number_counter_0 et_pb_number_counter et_pb_bg_layout_light et_pb_text_align_center et_pb_with_title et_pb_module et_block_module preset--module--divi-number-counter--default\"><div class=\"percent\"><p><span class=\"percent-value\"><\/span><span class=\"percent-sign\"><\/span><\/p><\/div><h3 class=\"title\">Zur\u00fcckgenommenes Material<\/h3><\/div>\n<\/div>\n\n<div class=\"et_pb_column_2 et_pb_column et-last-child et_flex_column et_pb_css_mix_blend_mode_passthrough et_flex_column_6_24 et_flex_column_12_24_tablet et_flex_column_24_24_phone\">\n<div class=\"et_pb_number_counter_1 et_pb_number_counter et_pb_bg_layout_light et_pb_text_align_center et_pb_with_title et_pb_module et_block_module preset--module--divi-number-counter--default\"><div class=\"percent\"><p><span class=\"percent-value\"><\/span><span class=\"percent-sign\"><\/span><\/p><\/div><h3 class=\"title\"> Einblick in Verk\u00e4ufe und Gewinne<\/h3><\/div>\n<\/div>\n<\/div>\n<\/div>\n\n<div class=\"et_pb_section_1 et_pb_section et_section_regular et_flex_section\">\n<div class=\"et_pb_row_2 et_pb_row et_flex_row\">\n<div class=\"et_pb_column_3 et_pb_column et_flex_column et_pb_css_mix_blend_mode_passthrough et_flex_column_3_5 et_flex_column_3_5_tablet et_flex_column_24_24_phone\">\n<div class=\"et_pb_text_1 et_pb_text et_pb_bg_layout_light et_pb_module et_block_module\"><div class=\"et_pb_text_inner\"><p><strong>Ziel ist es, finanzielle und \u00f6kologische Vorteile f\u00fcr den Kunden zu generieren, indem sein ungenutztes Material wiederverkauft wird. Der Kunde bleibt Eigent\u00fcmer der Ger\u00e4te bis zu deren Verkauf oder Entsorgung. <\/strong><\/p>\n<p><span style=\"font-weight: 400;\">Das Angebot richtet sich an alle Industrie- und Dienstleistungsstandorte. Die betroffenen Materialkategorien umfassen Wartung, Produktion, Informationstechnologie (IT), Geb\u00e4ude und Maschinen. Es kann sich um Teile (Motoren, SPS-Geh\u00e4use, ...) oder Ger\u00e4te (Schneidstationen, Messger\u00e4te, Fahrzeuge, ...) handeln.  <\/span><\/p>\n<p><span style=\"font-weight: 400;\">REDUCIO gew\u00e4hrleistet eine regelm\u00e4\u00dfige Nachverfolgung f\u00fcr den Kunden mit Berichten \u00fcber Lagerbestand und Verk\u00e4ufe. Der Kunde kann unverkauftes Material bei Bedarf zur\u00fcckfordern. Die Auszahlung der Gewinne erfolgt als Prozentsatz der Verk\u00e4ufe.  <\/span><\/p>\n<\/div><\/div>\n<\/div>\n\n<div class=\"et_pb_column_4 et_pb_column et-last-child et_flex_column et_pb_css_mix_blend_mode_passthrough et_flex_column_2_5 et_flex_column_2_5_tablet et_flex_column_24_24_phone\">\n<div class=\"et_pb_image_0 et_pb_image et_pb_module et_block_module\"><span class=\"et_pb_image_wrap\"><img loading=\"lazy\" decoding=\"async\" src=\"https:\/\/reducio.com\/wp-content\/uploads\/2025\/11\/Revente-materiel-usage-Reducio.jpg\" alt=\"Revente de mat\u00e9riel usag\u00e9\" width=\"800\" height=\"844\" srcset=\"https:\/\/reducio.com\/wp-content\/uploads\/2025\/11\/Revente-materiel-usage-Reducio.jpg 800w\" sizes=\"(max-width: 800px) 100vw, 800px\" class=\"wp-image-1094\" \/><\/span><\/div>\n<\/div>\n<\/div>\n<\/div>\n\n<div class=\"et_pb_section_2 et_pb_section et_section_regular et_flex_section\">\n<div class=\"et_pb_row_3 et_pb_row et_flex_row\">\n<div class=\"et_pb_column_5 et_pb_column et-last-child et_flex_column et_pb_css_mix_blend_mode_passthrough et_flex_column_24_24 et_flex_column_24_24_tablet et_flex_column_24_24_phone\">\n<div class=\"et_pb_text_2 et_pb_text et_pb_bg_layout_light et_pb_module et_block_module\"><div class=\"et_pb_text_inner\"><h3>F\u00fcr ein Angebot kontaktieren Sie uns bitte.<\/h3>\n<\/div><\/div>\n\n<div class=\"et_pb_module et_pb_button_module_wrapper et_pb_button_0_wrapper\"><a class=\"et_pb_button_0 et_pb_button et_pb_bg_layout_light et_animated et_pb_module et_block_module\" href=\"\">Kontaktieren Sie uns<\/a><\/div>\n<\/div>\n<\/div>\n<\/div>","protected":false},"excerpt":{"rendered":"<p>REDUCIO bietet an, den Wiederverkauf von ungenutztem oder veraltetem Material oder Ger\u00e4ten zu \u00fcbernehmen.<\/p>\n","protected":false},"author":3,"featured_media":0,"parent":0,"menu_order":0,"comment_status":"closed","ping_status":"closed","template":"","meta":{"footnotes":""},"class_list":["post-1582","page","type-page","status-publish","hentry"],"_links":{"self":[{"href":"https:\/\/reducio.com\/de\/wp-json\/wp\/v2\/pages\/1582","targetHints":{"allow":["GET"]}}],"collection":[{"href":"https:\/\/reducio.com\/de\/wp-json\/wp\/v2\/pages"}],"about":[{"href":"https:\/\/reducio.com\/de\/wp-json\/wp\/v2\/types\/page"}],"author":[{"embeddable":true,"href":"https:\/\/reducio.com\/de\/wp-json\/wp\/v2\/users\/3"}],"replies":[{"embeddable":true,"href":"https:\/\/reducio.com\/de\/wp-json\/wp\/v2\/comments?post=1582"}],"version-history":[{"count":1,"href":"https:\/\/reducio.com\/de\/wp-json\/wp\/v2\/pages\/1582\/revisions"}],"predecessor-version":[{"id":1583,"href":"https:\/\/reducio.com\/de\/wp-json\/wp\/v2\/pages\/1582\/revisions\/1583"}],"wp:attachment":[{"href":"https:\/\/reducio.com\/de\/wp-json\/wp\/v2\/media?parent=1582"}],"curies":[{"name":"wp","href":"https:\/\/api.w.org\/{rel}","templated":true}]}}