{"id":1571,"date":"2025-10-03T17:30:54","date_gmt":"2025-10-03T15:30:54","guid":{"rendered":"https:\/\/reducio.com\/einkaeufer-vermittlung-hr-einkauf\/"},"modified":"2026-03-09T15:32:19","modified_gmt":"2026-03-09T14:32:19","slug":"einkaeufer-vermittlung-hr-einkauf","status":"publish","type":"page","link":"https:\/\/reducio.com\/de\/einkaeufer-vermittlung-hr-einkauf\/","title":{"rendered":"Eink\u00e4ufer-Vermittlung: HR Einkauf"},"content":{"rendered":"<div class=\"et_pb_section_0 et_pb_section et_section_regular et_flex_section\">\n<div class=\"et_pb_row_0 et_pb_row et_flex_row preset--group--divi-row--divi-background--w5gmw7yfrn\">\n<div class=\"et_pb_column_0 et_pb_column et-last-child et_flex_column et_pb_css_mix_blend_mode_passthrough et_flex_column_24_24 et_flex_column_24_24_tablet et_flex_column_24_24_phone\">\n<ul class=\"et_pb_icon_list_0 et_pb_icon_list et_pb_module et_flex_module preset--module--divi-icon-list--2lzliyn0h6\">\n<li class=\"et_pb_icon_list_item_0 et_pb_icon_list_item et_pb_module et_flex_module\"><span class=\"et-pb-icon\">\uf30b<\/span><div class=\"et_pb_icon_list_text\">UNSERE DIENSTLEISTUNGEN<\/div><\/li>\n<\/ul>\n\n<div class=\"et_pb_heading_0 et_pb_heading et_pb_module et_block_module\"><div class=\"et_pb_heading_container\"><h1 class=\"et_pb_module_header\">EINK\u00c4UFER-VERMITTLUNG: HR EINKAUF<\/h1><\/div><\/div>\n\n<div class=\"et_pb_text_0 et_pb_text et_pb_bg_layout_light et_pb_module et_block_module\"><div class=\"et_pb_text_inner\"><p><strong>Vermittlung von Eink\u00e4ufern in Ihr Unternehmen<br \/><\/strong><\/p>\n<p>Suchen Sie einen qualifizierten Eink\u00e4ufer, der f\u00fcr einen bestimmten Zeitraum verf\u00fcgbar ist? REDUCIO bietet Ihnen die L\u00f6sung durch die Vermittlung von Eink\u00e4ufern in Ihr Unternehmen. <\/p>\n<\/div><\/div>\n<\/div>\n<\/div>\n\n<div class=\"et_pb_row_1 et_pb_row et_flex_row numbers-line\">\n<div class=\"et_pb_column_1 et_pb_column et_flex_column et_pb_css_mix_blend_mode_passthrough et_flex_column_6_24 et_flex_column_12_24_tablet et_flex_column_24_24_phone\">\n<div class=\"et_pb_number_counter_0 et_pb_number_counter et_pb_bg_layout_light et_pb_text_align_center et_pb_with_title et_pb_module et_block_module preset--module--divi-number-counter--default\"><div class=\"percent\"><p><span class=\"percent-value\"><\/span><span class=\"percent-sign\"><\/span><\/p><\/div><h3 class=\"title\">Monate Einkaufsmissionen<\/h3><\/div>\n<\/div>\n\n<div class=\"et_pb_column_2 et_pb_column et-last-child et_flex_column et_pb_css_mix_blend_mode_passthrough et_flex_column_6_24 et_flex_column_12_24_tablet et_flex_column_24_24_phone\">\n<div class=\"et_pb_number_counter_1 et_pb_number_counter et_pb_bg_layout_light et_pb_text_align_center et_pb_with_title et_pb_module et_block_module preset--module--divi-number-counter--default\"><div class=\"percent\"><p><span class=\"percent-value\"><\/span><span class=\"percent-sign\"><\/span><\/p><\/div><h3 class=\"title\">schnell verf\u00fcgbare Eink\u00e4ufer<\/h3><\/div>\n<\/div>\n<\/div>\n<\/div>\n\n<div class=\"et_pb_section_1 et_pb_section et_section_regular et_flex_section\">\n<div class=\"et_pb_row_2 et_pb_row et_flex_row\">\n<div class=\"et_pb_column_3 et_pb_column et_flex_column et_pb_css_mix_blend_mode_passthrough et_flex_column_3_5 et_flex_column_3_5_tablet et_flex_column_24_24_phone\">\n<div class=\"et_pb_text_1 et_pb_text et_pb_bg_layout_light et_pb_module et_block_module\"><div class=\"et_pb_text_inner\"><p><strong>HR Einkauf steht f\u00fcr auf den Einkauf spezialisierte Humanressourcen.<\/strong><\/p>\n<p>In der Praxis geht es darum, dem Kundenunternehmen schnell einen qualifizierten und erfahrenen Eink\u00e4ufer oder Beschaffer zur Verf\u00fcgung zu stellen. Diese Einkaufskraft ist ein(e) Mitarbeiter(in) von REDUCIO und bietet dem Kunden die Methodik, Tools und das Einkaufs-Know-how von REDUCIO. Die Mission ist befristet beim Kunden. Die Ziele werden gemeinsam definiert. Die REDUCIO-Ressource widmet einen Teil ihrer Zeit dem Kunden, w\u00e4hrend sie auch an anderen Einkaufsprojekten f\u00fcr andere Kunden arbeitet.    <\/p>\n<\/div><\/div>\n<\/div>\n\n<div class=\"et_pb_column_4 et_pb_column et-last-child et_flex_column et_pb_css_mix_blend_mode_passthrough et_flex_column_2_5 et_flex_column_2_5_tablet et_flex_column_24_24_phone\">\n<div class=\"et_pb_image_0 et_pb_image et_pb_module et_block_module\"><span class=\"et_pb_image_wrap\"><img loading=\"lazy\" decoding=\"async\" src=\"https:\/\/reducio.com\/wp-content\/uploads\/2026\/03\/Gemini_Generated_Image_f1lyzwf1lyzwf1ly-2.png\" title=\"Gemini_Generated_Image_f1lyzwf1lyzwf1ly (2)\" width=\"2568\" height=\"1664\" srcset=\"https:\/\/reducio.com\/wp-content\/uploads\/2026\/03\/Gemini_Generated_Image_f1lyzwf1lyzwf1ly-2.png 2568w, https:\/\/reducio.com\/wp-content\/uploads\/2026\/03\/Gemini_Generated_Image_f1lyzwf1lyzwf1ly-2-1280x829.png 1280w, https:\/\/reducio.com\/wp-content\/uploads\/2026\/03\/Gemini_Generated_Image_f1lyzwf1lyzwf1ly-2-980x635.png 980w, https:\/\/reducio.com\/wp-content\/uploads\/2026\/03\/Gemini_Generated_Image_f1lyzwf1lyzwf1ly-2-480x311.png 480w\" sizes=\"(min-width: 0px) and (max-width: 480px) 480px, (min-width: 481px) and (max-width: 980px) 980px, (min-width: 981px) and (max-width: 1280px) 1280px, (min-width: 1281px) 2568px, 100vw\" class=\"wp-image-1693\" alt=\"Ressources humaines sp\u00e9cialis\u00e9es en achats\" \/><\/span><\/div>\n<\/div>\n<\/div>\n\n<div class=\"et_pb_row_3 et_pb_row et_flex_row\">\n<div class=\"et_pb_column_5 et_pb_column et_flex_column et_pb_css_mix_blend_mode_passthrough et_flex_column_2_5 et_flex_column_2_5_tablet et_flex_column_24_24_phone\">\n<div class=\"et_pb_image_1 et_pb_image et_pb_module et_block_module\"><span class=\"et_pb_image_wrap\"><img loading=\"lazy\" decoding=\"async\" src=\"https:\/\/reducio.com\/wp-content\/uploads\/2026\/03\/Gemini_Generated_Image_8un3ok8un3ok8un3-2.png\" title=\"Gemini_Generated_Image_8un3ok8un3ok8un3 (2)\" width=\"2568\" height=\"1664\" srcset=\"https:\/\/reducio.com\/wp-content\/uploads\/2026\/03\/Gemini_Generated_Image_8un3ok8un3ok8un3-2.png 2568w, https:\/\/reducio.com\/wp-content\/uploads\/2026\/03\/Gemini_Generated_Image_8un3ok8un3ok8un3-2-1280x829.png 1280w, https:\/\/reducio.com\/wp-content\/uploads\/2026\/03\/Gemini_Generated_Image_8un3ok8un3ok8un3-2-980x635.png 980w, https:\/\/reducio.com\/wp-content\/uploads\/2026\/03\/Gemini_Generated_Image_8un3ok8un3ok8un3-2-480x311.png 480w\" sizes=\"(min-width: 0px) and (max-width: 480px) 480px, (min-width: 481px) and (max-width: 980px) 980px, (min-width: 981px) and (max-width: 1280px) 1280px, (min-width: 1281px) 2568px, 100vw\" class=\"wp-image-1696\" alt=\"Missions temporaires d&#039;achats et d&#039;approvisionnement\" \/><\/span><\/div>\n<\/div>\n\n<div class=\"et_pb_column_6 et_pb_column et-last-child et_flex_column et_pb_css_mix_blend_mode_passthrough et_flex_column_3_5 et_flex_column_3_5_tablet et_flex_column_24_24_phone\">\n<div class=\"et_pb_text_2 et_pb_text et_pb_bg_layout_light et_pb_module et_block_module\"><div class=\"et_pb_text_inner\"><p><span><strong>Diese Ressource verbessert nachhaltig die Einkaufsleistung Ihres Unternehmens, da sie wettbewerbsf\u00e4hig und flexibel auf einen tempor\u00e4ren Bedarf reagiert.<\/strong> <\/span><span>Dies ist eine effektive L\u00f6sung, um Ihre Leistung zu steigern und Ihre Kosten zu senken.<\/span><\/p>\n<\/div><\/div>\n\n<div class=\"et_pb_text_3 et_pb_text et_pb_bg_layout_light et_pb_module et_block_module\"><div class=\"et_pb_text_inner\"><p><span>Dank seiner Expertise und seiner soliden Basis ist REDUCIO in der Lage, schnell einen Eink\u00e4ufer und\/oder Beschaffer f\u00fcr eine tempor\u00e4re Einkaufsmission in Ihrem Unternehmen zu vermitteln: Begleitung beim Aufbau einer Einkaufsabteilung, Implementierung eines neuen ERP-Systems, St\u00e4rkung des Einkaufs\/der Beschaffung, strategisches Einkaufssourcing\u2026<\/span><\/p>\n<\/div><\/div>\n<\/div>\n<\/div>\n<\/div>\n\n<div class=\"et_pb_section_2 et_pb_section et_section_regular et_flex_section\">\n<div class=\"et_pb_row_4 et_pb_row et_flex_row\">\n<div class=\"et_pb_column_7 et_pb_column et-last-child et_flex_column et_pb_css_mix_blend_mode_passthrough et_flex_column_24_24 et_flex_column_24_24_tablet et_flex_column_24_24_phone\">\n<div class=\"et_pb_text_4 et_pb_text et_pb_bg_layout_light et_pb_module et_block_module\"><div class=\"et_pb_text_inner\"><h3 style=\"text-align: center;\"><span>Einige Kunden profitieren seit \u00fcber 3 Jahren von der Flexibilit\u00e4t von REDUCIO HR Einkauf \u2013 warum nicht auch Sie?<\/span><\/h3>\n<\/div><\/div>\n\n<div class=\"et_pb_module et_pb_button_module_wrapper et_pb_button_0_wrapper\"><a class=\"et_pb_button_0 et_pb_button et_pb_bg_layout_light et_animated et_pb_module et_block_module\" href=\"\">Kontaktieren Sie uns<\/a><\/div>\n<\/div>\n<\/div>\n<\/div>","protected":false},"excerpt":{"rendered":"<p>Suchen Sie einen qualifizierten Eink\u00e4ufer, der f\u00fcr einen bestimmten Zeitraum verf\u00fcgbar ist? REDUCIO bietet Ihnen die L\u00f6sung durch die Vermittlung von Eink\u00e4ufern in Ihr Unternehmen. <\/p>\n","protected":false},"author":3,"featured_media":0,"parent":0,"menu_order":0,"comment_status":"closed","ping_status":"closed","template":"","meta":{"footnotes":""},"class_list":["post-1571","page","type-page","status-publish","hentry"],"_links":{"self":[{"href":"https:\/\/reducio.com\/de\/wp-json\/wp\/v2\/pages\/1571","targetHints":{"allow":["GET"]}}],"collection":[{"href":"https:\/\/reducio.com\/de\/wp-json\/wp\/v2\/pages"}],"about":[{"href":"https:\/\/reducio.com\/de\/wp-json\/wp\/v2\/types\/page"}],"author":[{"embeddable":true,"href":"https:\/\/reducio.com\/de\/wp-json\/wp\/v2\/users\/3"}],"replies":[{"embeddable":true,"href":"https:\/\/reducio.com\/de\/wp-json\/wp\/v2\/comments?post=1571"}],"version-history":[{"count":3,"href":"https:\/\/reducio.com\/de\/wp-json\/wp\/v2\/pages\/1571\/revisions"}],"predecessor-version":[{"id":1697,"href":"https:\/\/reducio.com\/de\/wp-json\/wp\/v2\/pages\/1571\/revisions\/1697"}],"wp:attachment":[{"href":"https:\/\/reducio.com\/de\/wp-json\/wp\/v2\/media?parent=1571"}],"curies":[{"name":"wp","href":"https:\/\/api.w.org\/{rel}","templated":true}]}}