{"id":1569,"date":"2025-10-10T15:49:23","date_gmt":"2025-10-10T13:49:23","guid":{"rendered":"https:\/\/reducio.com\/impressum\/"},"modified":"2026-02-06T15:34:48","modified_gmt":"2026-02-06T14:34:48","slug":"impressum","status":"publish","type":"page","link":"https:\/\/reducio.com\/de\/impressum\/","title":{"rendered":"Impressum"},"content":{"rendered":"<div class=\"et_pb_section_0 et_pb_section et_section_regular et_flex_section\">\n<div class=\"et_pb_row_0 et_pb_row et_flex_row\">\n<div class=\"et_pb_column_0 et_pb_column et-last-child et_flex_column et_pb_css_mix_blend_mode_passthrough et_flex_column_24_24 et_flex_column_24_24_tablet et_flex_column_24_24_phone\">\n<div class=\"et_pb_heading_0 et_pb_heading et_pb_module et_flex_module\"><div class=\"et_pb_heading_container\"><h1 class=\"et_pb_module_header\">Impressum<\/h1><\/div><\/div>\n<\/div>\n<\/div>\n\n<div class=\"et_pb_row_1 et_pb_row et_flex_row\">\n<div class=\"et_pb_column_1 et_pb_column et-last-child et_flex_column et_pb_css_mix_blend_mode_passthrough et_flex_column_24_24 et_flex_column_24_24_tablet et_flex_column_24_24_phone\">\n<div class=\"et_pb_text_0 et_pb_text et_pb_bg_layout_light et_pb_module et_flex_module\"><div class=\"et_pb_text_inner\"><h2>1. Identifizierung des Website-Betreibers<\/h2>\n<p><strong>Name des Unternehmens:<\/strong> REDUCIO<br \/><strong>Rechtsform:<\/strong> SARL<br \/><strong>Sitz der Gesellschaft:<\/strong> 5 rue du talus, 67400 Illkirch-Graffenstaden, Frankreich<br \/><strong>SIREN-Registrierungsnummer:<\/strong> 750635690<br \/><strong>SIRET-Registrierungsnummer:<\/strong> 75063569000035  <\/p>\n<p><strong>Stammkapital:<\/strong> 20.000 \u20ac<br \/><strong>Umsatzsteuer-Identifikationsnummer:<\/strong> FR90750635690<br \/><strong>E-Mail-Adresse:<\/strong> contact@reducio.com<br \/><strong>Telefonnummer:<\/strong> +33 3 88 30 13 92<\/p>\n<h2>2. Verantwortlicher f\u00fcr die Ver\u00f6ffentlichung<\/h2>\n<p><strong>Name und Vorname:<\/strong> ALLARI Laurent<br \/><strong>E-Mail-Adresse:<\/strong> <a href=\"mailto:contact@reducio.com\">contact@reducio.com<\/a><\/p>\n<h2>3. Hosting der Website<\/h2>\n<p><strong>Name des Hosters:<\/strong> OVH Cloud<br \/><strong>Adresse des Hosters:<\/strong> 2 rue Kellermann 59100 Roubaix Frankreich<br \/><strong>Website des Hosters:<\/strong> <a href=\"https:\/\/www.ovhcloud.com\/fr\/\"><span style=\"font-weight: 400;\"> https:\/\/www.ovhcloud.com\/fr\/<\/span><\/a><br \/><strong>Telefonnummer des Hosters:<\/strong> +33 9 72 10 10 07<\/p>\n<h2>4. Geistiges Eigentum<\/h2>\n<p>Die Gesamtheit dieser Website (Inhalt und Pr\u00e4sentation) stellt ein Werk dar, das durch die geltenden Gesetze zum geistigen Eigentum, insbesondere das Urheberrecht und das Datenbankrecht, in Frankreich und im Ausland gesch\u00fctzt ist.<br \/>Die Marke REDUCIO, das REDUCIO-Logo sowie alle Handelsmarken wie REDUCIO DIRECT, Grafiken und andere Unterscheidungsmerkmale auf der Website sind eingetragene Marken und durch geistige Eigentumsrechte gesch\u00fctzt.<br \/>Jede Reproduktion, Darstellung, \u00c4nderung, Ver\u00f6ffentlichung, \u00dcbertragung oder Verf\u00e4lschung der Website oder ihres Inhalts, ganz oder teilweise, mit welchem Verfahren auch immer und auf welchem Medium auch immer, ist untersagt und w\u00fcrde eine F\u00e4lschung darstellen, die nach den Artikeln L.335-2 ff. des franz\u00f6sischen Code de la propri\u00e9t\u00e9 intellectuelle oder nach den entsprechenden geltenden Gesetzen in anderen L\u00e4ndern geahndet wird.<\/p>\n<h2>5. Pers\u00f6nliche Daten und Datenschutzrichtlinie<\/h2>\n<p>REDUCIO verpflichtet sich, die Vertraulichkeit der \u00fcber die Website gesammelten pers\u00f6nlichen Daten zu respektieren und diese gem\u00e4\u00df den geltenden Vorschriften, insbesondere der Datenschutz-Grundverordnung (DSGVO) der Europ\u00e4ischen Union und den relevanten nationalen Gesetzen, zu verarbeiten.<br \/>Bitte lesen Sie unsere <a href=\"https:\/\/reducio.com\/politique-de-confidentialite\/\" target=\"_blank\" rel=\"noopener\">Datenschutzrichtlinie<\/a>, um mehr dar\u00fcber zu erfahren, wie wir Ihre pers\u00f6nlichen Daten sammeln, verwenden, speichern und sch\u00fctzen, sowie \u00fcber Ihre Rechte in Bezug auf diese Daten.<\/p>\n<h2>6. Cookies<\/h2>\n<p>Diese Website verwendet Cookies. Cookies sind kleine Textdateien, die auf Ihrem Ger\u00e4t (Computer, Tablet, Mobiltelefon) platziert werden, wenn Sie eine Website besuchen. Sie erm\u00f6glichen es insbesondere, Ihre Pr\u00e4ferenzen zu speichern, Ihre Nutzung der Website zu analysieren und personalisierte Inhalte anzubieten.<br \/>Indem Sie Ihre Navigation auf dieser Website fortsetzen, stimmen Sie der Verwendung von Cookies gem\u00e4\u00df unserer <a href=\"https:\/\/reducio.com\/politique-de-confidentialite\/\" target=\"_blank\" rel=\"noopener\">Datenschutzrichtlinie<\/a> zu. Sie k\u00f6nnen Ihren Browser jederzeit so konfigurieren, dass Cookies verwaltet oder abgelehnt werden.   <\/p>\n<h2>7. Haftungsbeschr\u00e4nkung<\/h2>\n<p>REDUCIO bem\u00fcht sich nach besten Kr\u00e4ften, die Richtigkeit und Aktualit\u00e4t der auf dieser Website verbreiteten Informationen zu gew\u00e4hrleisten. REDUCIO kann jedoch die Richtigkeit, Genauigkeit oder Vollst\u00e4ndigkeit der auf dieser Website bereitgestellten Informationen nicht garantieren.<br \/>Folglich lehnt REDUCIO jede Verantwortung f\u00fcr Ungenauigkeiten, Fehler oder Auslassungen in Bezug auf die auf der Website verf\u00fcgbaren Informationen sowie f\u00fcr alle Sch\u00e4den ab, die aus einem betr\u00fcgerischen Eindringen eines Dritten resultieren, das zu einer \u00c4nderung der auf der Website bereitgestellten Informationen gef\u00fchrt hat.<br \/>REDUCIO ist nicht verantwortlich f\u00fcr Hyperlinks auf der Website, die auf andere Websites verweisen, noch f\u00fcr deren Inhalt. <\/p>\n<h2>8. Anwendbares Recht und zust\u00e4ndige Gerichtsbarkeit<\/h2>\n<p>Diese rechtlichen Hinweise unterliegen franz\u00f6sischem Recht. Im Falle eines Rechtsstreits und nach dem Scheitern jeglicher g\u00fctlicher Einigungsversuche sind ausschlie\u00dflich die Gerichte von Stra\u00dfburg zust\u00e4ndig. <\/p>\n<\/div><\/div>\n<\/div>\n<\/div>\n<\/div>","protected":false},"excerpt":{"rendered":"","protected":false},"author":3,"featured_media":0,"parent":0,"menu_order":0,"comment_status":"closed","ping_status":"closed","template":"","meta":{"footnotes":""},"class_list":["post-1569","page","type-page","status-publish","hentry"],"_links":{"self":[{"href":"https:\/\/reducio.com\/de\/wp-json\/wp\/v2\/pages\/1569","targetHints":{"allow":["GET"]}}],"collection":[{"href":"https:\/\/reducio.com\/de\/wp-json\/wp\/v2\/pages"}],"about":[{"href":"https:\/\/reducio.com\/de\/wp-json\/wp\/v2\/types\/page"}],"author":[{"embeddable":true,"href":"https:\/\/reducio.com\/de\/wp-json\/wp\/v2\/users\/3"}],"replies":[{"embeddable":true,"href":"https:\/\/reducio.com\/de\/wp-json\/wp\/v2\/comments?post=1569"}],"version-history":[{"count":1,"href":"https:\/\/reducio.com\/de\/wp-json\/wp\/v2\/pages\/1569\/revisions"}],"predecessor-version":[{"id":1570,"href":"https:\/\/reducio.com\/de\/wp-json\/wp\/v2\/pages\/1569\/revisions\/1570"}],"wp:attachment":[{"href":"https:\/\/reducio.com\/de\/wp-json\/wp\/v2\/media?parent=1569"}],"curies":[{"name":"wp","href":"https:\/\/api.w.org\/{rel}","templated":true}]}}