{"id":1567,"date":"2025-09-30T13:37:28","date_gmt":"2025-09-30T11:37:28","guid":{"rendered":"https:\/\/reducio.com\/das-unternehmen-reducio\/"},"modified":"2026-02-06T15:33:50","modified_gmt":"2026-02-06T14:33:50","slug":"das-unternehmen-reducio","status":"publish","type":"page","link":"https:\/\/reducio.com\/de\/das-unternehmen-reducio\/","title":{"rendered":"Das Unternehmen Reducio"},"content":{"rendered":"<div class=\"et_pb_section_0 et_pb_section et_section_regular et_flex_section\">\n<div class=\"et_pb_row_0 et_pb_row et_flex_row\">\n<div class=\"et_pb_column_0 et_pb_column et-last-child et_flex_column et_pb_css_mix_blend_mode_passthrough et_flex_column_24_24 et_flex_column_24_24_tablet et_flex_column_24_24_phone\">\n<ul class=\"et_pb_icon_list_0 et_pb_icon_list et_pb_module et_flex_module preset--module--divi-icon-list--2lzliyn0h6\">\n<li class=\"et_pb_icon_list_item_0 et_pb_icon_list_item et_pb_module et_flex_module\"><span class=\"et-pb-icon\">\uf30b<\/span><div class=\"et_pb_icon_list_text\">\u00dcBER UNS<\/div><\/li>\n<\/ul>\n\n<div class=\"et_pb_heading_0 et_pb_heading et_pb_module et_block_module\"><div class=\"et_pb_heading_container\"><h1 class=\"et_pb_module_header\">Das Unternehmen Reducio<\/h1><\/div><\/div>\n\n<div class=\"et_pb_text_0 et_pb_text et_pb_bg_layout_light et_pb_module et_block_module\"><div class=\"et_pb_text_inner\"><p>Ein Team aus Eink\u00e4ufern, Beschaffern, IT-Entwicklern und Managern, die mit der Komplexit\u00e4t von Organisationen vertraut sind und sich seit 2012 auf die Kundenzufriedenheit konzentrieren.<\/p>\n<\/div><\/div>\n<\/div>\n<\/div>\n\n<div class=\"et_pb_row_1 et_pb_row et_flex_row numbers-line\">\n<div class=\"et_pb_column_1 et_pb_column et_flex_column et_pb_css_mix_blend_mode_passthrough et_flex_column_8_24 et_flex_column_8_24_tablet et_flex_column_24_24_phone\">\n<div class=\"et_pb_number_counter_0 et_pb_number_counter et_pb_bg_layout_light et_pb_text_align_center et_pb_with_title et_pb_module et_block_module preset--module--divi-number-counter--default\"><div class=\"percent\"><p><span class=\"percent-value\"><\/span><span class=\"percent-sign\"><\/span><\/p><\/div><h3 class=\"title\">Jahresumsatz<\/h3><\/div>\n<\/div>\n\n<div class=\"et_pb_column_2 et_pb_column et_flex_column et_pb_css_mix_blend_mode_passthrough et_flex_column_8_24 et_flex_column_8_24_tablet et_flex_column_24_24_phone\">\n<div class=\"et_pb_number_counter_1 et_pb_number_counter et_pb_bg_layout_light et_pb_text_align_center et_pb_with_title et_pb_module et_block_module preset--module--divi-number-counter--default\"><div class=\"percent\"><p><span class=\"percent-value\"><\/span><span class=\"percent-sign\"><\/span><\/p><\/div><h3 class=\"title\">j\u00e4hrliches Wachstum<\/h3><\/div>\n<\/div>\n\n<div class=\"et_pb_column_3 et_pb_column et-last-child et_flex_column et_pb_css_mix_blend_mode_passthrough et_flex_column_8_24 et_flex_column_8_24_tablet et_flex_column_24_24_phone\">\n<div class=\"et_pb_number_counter_2 et_pb_number_counter et_pb_bg_layout_light et_pb_text_align_center et_pb_with_title et_pb_module et_block_module preset--module--divi-number-counter--default\"><div class=\"percent\"><p><span class=\"percent-value\"><\/span><span class=\"percent-sign\"><\/span><\/p><\/div><h3 class=\"title\">referenzierte Lieferanten<\/h3><\/div>\n<\/div>\n<\/div>\n<\/div>\n\n<div class=\"et_pb_section_1 et_pb_section et_section_regular et_flex_section\">\n<div class=\"et_pb_row_2 et_pb_row et_flex_row\">\n<div class=\"et_pb_column_4 et_pb_column et_flex_column et_pb_css_mix_blend_mode_passthrough et_flex_column_12_24 et_flex_column_12_24_tablet et_flex_column_24_24_phone\">\n<div class=\"et_pb_heading_1 et_pb_heading et_pb_module et_block_module\"><div class=\"et_pb_heading_container\"><h2 class=\"et_pb_module_header\">Unsere Mission<\/h2><\/div><\/div>\n\n<div class=\"et_pb_heading_2 et_pb_heading et_pb_module et_block_module\"><div class=\"et_pb_heading_container\"><h3 class=\"et_pb_module_header\">Werte schaffen durch den Einsatz von Einkaufshebeln, insbesondere durch die nachhaltige Senkung der Anschaffungskosten.<\/h3><\/div><\/div>\n<\/div>\n\n<div class=\"et_pb_column_5 et_pb_column et-last-child et_flex_column et_pb_css_mix_blend_mode_passthrough et_flex_column_12_24 et_flex_column_12_24_tablet et_flex_column_24_24_phone\">\n<div class=\"et_pb_heading_3 et_pb_heading et_pb_module et_block_module\"><div class=\"et_pb_heading_container\"><h2 class=\"et_pb_module_header\">Unsere Werte<\/h2><\/div><\/div>\n\n<ul class=\"et_pb_icon_list_1 et_pb_icon_list et_pb_module et_flex_module checked-list\">\n<li class=\"et_pb_icon_list_item_1 et_pb_icon_list_item et_pb_module et_flex_module\"><span class=\"et-pb-icon\">\uf058<\/span><div class=\"et_pb_icon_list_text\">Zufriedenheit: des Kunden, des Lieferanten, des Mitarbeiters, des Partners<\/div><\/li>\n\n<li class=\"et_pb_icon_list_item_2 et_pb_icon_list_item et_pb_module et_flex_module\"><span class=\"et-pb-icon\">\uf058<\/span><div class=\"et_pb_icon_list_text\">Respekt: der Vertraulichkeit, der Gesetze und Regeln, der Umwelt, der Kulturen<\/div><\/li>\n\n<li class=\"et_pb_icon_list_item_3 et_pb_icon_list_item et_pb_module et_flex_module\"><span class=\"et-pb-icon\">\uf058<\/span><div class=\"et_pb_icon_list_text\">Leistung: nachhaltige Ergebnisse im Team und individuell erzielen<\/div><\/li>\n\n<li class=\"et_pb_icon_list_item_4 et_pb_icon_list_item et_pb_module et_flex_module\"><span class=\"et-pb-icon\">\uf058<\/span><div class=\"et_pb_icon_list_text\">Qualit\u00e4t: Ausrichtung an den besten Standards.<\/div><\/li>\n\n<li class=\"et_pb_icon_list_item_5 et_pb_icon_list_item et_pb_module et_flex_module\"><span class=\"et-pb-icon\">\uf058<\/span><div class=\"et_pb_icon_list_text\">Engagement: verf\u00fcgbar sein und das eigene Umfeld verbessern<\/div><\/li>\n<\/ul>\n<\/div>\n<\/div>\n<\/div>\n\n<div class=\"et_pb_section_2 et_pb_section et_section_regular et_flex_section\">\n<div class=\"et_pb_row_3 et_pb_row et_flex_row\">\n<div class=\"et_pb_column_6 et_pb_column et-last-child et_flex_column et_pb_css_mix_blend_mode_passthrough et_flex_column_24_24 et_flex_column_24_24_tablet et_flex_column_24_24_phone\">\n<div class=\"et_pb_heading_4 et_pb_heading et_pb_module et_block_module\"><div class=\"et_pb_heading_container\"><h2 class=\"et_pb_module_header\">Ihre Ansprechpartner im Front-Office<\/h2><\/div><\/div>\n<\/div>\n<\/div>\n\n<div class=\"et_pb_row_4 et_pb_row et_flex_row\">\n<div class=\"et_pb_column_7 et_pb_column et_flex_column et_pb_css_mix_blend_mode_passthrough et_flex_column_8_24 et_flex_column_8_24_tablet et_flex_column_24_24_phone\">\n<div class=\"et_pb_group_0 et_pb_group et_pb_module et_flex_group et_pb_css_mix_blend_mode_passthrough\">\n<div class=\"et_pb_image_0 et_pb_image et_pb_module et_block_module\"><span class=\"et_pb_image_wrap\"><img loading=\"lazy\" decoding=\"async\" src=\"https:\/\/reducio.com\/wp-content\/uploads\/2025\/10\/Laurent-ALLARI-Fondateur-Reducio.jpg\" alt=\"Laurent Allari, Dirigeant Reducio\" width=\"300\" height=\"300\" srcset=\"https:\/\/reducio.com\/wp-content\/uploads\/2025\/10\/Laurent-ALLARI-Fondateur-Reducio.jpg 300w\" sizes=\"(max-width: 300px) 100vw, 300px\" class=\"wp-image-944\" \/><\/span><\/div>\n\n<div class=\"et_pb_heading_5 et_pb_heading et_pb_module et_block_module\"><div class=\"et_pb_heading_container\"><h4 class=\"et_pb_module_header\">Laurent ALLARI\n<\/h4><\/div><\/div>\n\n<div class=\"et_pb_text_1 et_pb_text et_pb_bg_layout_light et_pb_module et_block_module\"><div class=\"et_pb_text_inner\"><p>GR\u00dcNDER<\/p>\n<\/div><\/div>\n\n<div class=\"et_pb_divider_0 et_pb_divider et_pb_space et_pb_divider_position_top et_pb_module\"><div class=\"et_pb_divider_internal\"><\/div><\/div>\n\n<div class=\"et_pb_text_2 et_pb_text et_pb_bg_layout_light et_pb_module et_block_module\"><div class=\"et_pb_text_inner\"><p>25 Jahre Erfahrung im industriellen Einkauf und in Kunden-Lieferanten-Beziehungen<\/p>\n<\/div><\/div>\n<\/div>\n\n<div class=\"et_pb_group_1 et_pb_group et-last-child et_pb_module et_flex_group et_pb_css_mix_blend_mode_passthrough\">\n<div class=\"et_pb_row_5 et_pb_row et_pb_row_nested et_flex_row\">\n<div class=\"et_pb_column_8 et_pb_column et-last-child et_flex_column et_pb_css_mix_blend_mode_passthrough et_flex_column_24_24 et_flex_column_24_24_tablet et_flex_column_24_24_phone\">\n<div class=\"et_pb_icon_0 et_pb_icon et_clickable et_pb_module et_block_module\"><span class=\"et_pb_icon_wrap\"><a href=\"mailto:laurent@reducio.com\" target=\"_blank\"><span class=\"et-pb-icon\">\uf0e0<\/span><\/a><\/span><\/div>\n\n<div class=\"et_pb_icon_1 et_pb_icon et_clickable et_pb_module et_block_module\"><span class=\"et_pb_icon_wrap\"><a href=\"http:\/\/linkedin.com\/in\/laurentallari\" target=\"_blank\"><span class=\"et-pb-icon\">\ue09d<\/span><\/a><\/span><\/div>\n<\/div>\n<\/div>\n<\/div>\n<\/div>\n\n<div class=\"et_pb_column_9 et_pb_column et_flex_column et_pb_css_mix_blend_mode_passthrough et_flex_column_8_24 et_flex_column_8_24_tablet et_flex_column_24_24_phone\">\n<div class=\"et_pb_group_2 et_pb_group et_pb_module et_flex_group et_pb_css_mix_blend_mode_passthrough\">\n<div class=\"et_pb_image_1 et_pb_image et_pb_module et_block_module\"><span class=\"et_pb_image_wrap\"><img loading=\"lazy\" decoding=\"async\" src=\"https:\/\/reducio.com\/wp-content\/uploads\/2025\/10\/Iasabelle-Levasseur-Responsable-admin-Reducio.jpg\" alt=\"Isabelle Levasseur, Responsable administration Reducio\" width=\"300\" height=\"300\" srcset=\"https:\/\/reducio.com\/wp-content\/uploads\/2025\/10\/Iasabelle-Levasseur-Responsable-admin-Reducio.jpg 300w\" sizes=\"(max-width: 300px) 100vw, 300px\" class=\"wp-image-943\" \/><\/span><\/div>\n\n<div class=\"et_pb_heading_6 et_pb_heading et_pb_module et_block_module\"><div class=\"et_pb_heading_container\"><h4 class=\"et_pb_module_header\">ISABELLE LEVASSEUR<\/h4><\/div><\/div>\n\n<div class=\"et_pb_text_3 et_pb_text et_pb_bg_layout_light et_pb_module et_block_module\"><div class=\"et_pb_text_inner\"><p>VERANTWORTLICHE F\u00dcR VERWALTUNG<br \/>\n&amp; FINANZEN<\/p>\n<\/div><\/div>\n\n<div class=\"et_pb_divider_1 et_pb_divider et_pb_space et_pb_divider_position_top et_pb_module\"><div class=\"et_pb_divider_internal\"><\/div><\/div>\n\n<div class=\"et_pb_text_4 et_pb_text et_pb_bg_layout_light et_pb_module et_block_module\"><div class=\"et_pb_text_inner\"><p>15 Jahre Erfahrung im kaufm\u00e4nnischen Management und Einkauf bei MERCEDES und DELPHI<\/p>\n<\/div><\/div>\n<\/div>\n\n<div class=\"et_pb_group_3 et_pb_group et-last-child et_pb_module et_flex_group et_pb_css_mix_blend_mode_passthrough\">\n<div class=\"et_pb_row_6 et_pb_row et_pb_row_nested et_flex_row\">\n<div class=\"et_pb_column_10 et_pb_column et-last-child et_flex_column et_pb_css_mix_blend_mode_passthrough et_flex_column_24_24 et_flex_column_24_24_tablet et_flex_column_24_24_phone\">\n<div class=\"et_pb_icon_2 et_pb_icon et_clickable et_pb_module et_block_module\"><span class=\"et_pb_icon_wrap\"><a href=\"mailto:isabelle.levasseur@reducio.com\" target=\"_blank\"><span class=\"et-pb-icon\">\uf0e0<\/span><\/a><\/span><\/div>\n\n<div class=\"et_pb_icon_3 et_pb_icon et_clickable et_pb_module et_block_module\"><span class=\"et_pb_icon_wrap\"><a href=\"https:\/\/www.linkedin.com\/in\/isabelle-levasseur-8b74a12b\/\" target=\"_blank\"><span class=\"et-pb-icon\">\ue09d<\/span><\/a><\/span><\/div>\n<\/div>\n<\/div>\n<\/div>\n<\/div>\n\n<div class=\"et_pb_column_11 et_pb_column et-last-child et_flex_column et_pb_css_mix_blend_mode_passthrough et_flex_column_8_24 et_flex_column_8_24_tablet et_flex_column_24_24_phone\">\n<div class=\"et_pb_group_4 et_pb_group et_pb_module et_flex_group et_pb_css_mix_blend_mode_passthrough\">\n<div class=\"et_pb_image_2 et_pb_image et_pb_module et_block_module\"><span class=\"et_pb_image_wrap\"><img loading=\"lazy\" decoding=\"async\" src=\"https:\/\/reducio.com\/wp-content\/uploads\/2025\/10\/Marie-Heckmann_chargee-de-projet-appro.jpg\" alt=\"Marie Heckmann Charg\u00e9e de projet approvisionnement Reducio\" width=\"300\" height=\"300\" srcset=\"https:\/\/reducio.com\/wp-content\/uploads\/2025\/10\/Marie-Heckmann_chargee-de-projet-appro.jpg 300w\" sizes=\"(max-width: 300px) 100vw, 300px\" class=\"wp-image-945\" \/><\/span><\/div>\n\n<div class=\"et_pb_heading_7 et_pb_heading et_pb_module et_block_module\"><div class=\"et_pb_heading_container\"><h4 class=\"et_pb_module_header\">MARINE HECKMANN\n<\/h4><\/div><\/div>\n\n<div class=\"et_pb_text_5 et_pb_text et_pb_bg_layout_light et_pb_module et_block_module\"><div class=\"et_pb_text_inner\"><p>PROJEKTLEITERIN BESCHAFFUNG<\/p>\n<\/div><\/div>\n\n<div class=\"et_pb_divider_2 et_pb_divider et_pb_space et_pb_divider_position_top et_pb_module\"><div class=\"et_pb_divider_internal\"><\/div><\/div>\n\n<div class=\"et_pb_text_6 et_pb_text et_pb_bg_layout_light et_pb_module et_block_module\"><div class=\"et_pb_text_inner\"><p>10 Jahre Erfahrung in der industriellen Beschaffung bei LOHR und SAFRAN<\/p>\n<\/div><\/div>\n<\/div>\n\n<div class=\"et_pb_group_5 et_pb_group et-last-child et_pb_module et_flex_group et_pb_css_mix_blend_mode_passthrough\">\n<div class=\"et_pb_row_7 et_pb_row et_pb_row_nested et_flex_row\">\n<div class=\"et_pb_column_12 et_pb_column et-last-child et_flex_column et_pb_css_mix_blend_mode_passthrough et_flex_column_24_24 et_flex_column_24_24_tablet et_flex_column_24_24_phone\">\n<div class=\"et_pb_icon_4 et_pb_icon et_clickable et_pb_module et_block_module\"><span class=\"et_pb_icon_wrap\"><a href=\"mailto:marine.heckmann@reducio.com\" target=\"_blank\"><span class=\"et-pb-icon\">\uf0e0<\/span><\/a><\/span><\/div>\n\n<div class=\"et_pb_icon_5 et_pb_icon et_clickable et_pb_module et_block_module\"><span class=\"et_pb_icon_wrap\"><a href=\"https:\/\/www.linkedin.com\/in\/marine-heckmann-342481211\/\" target=\"_blank\"><span class=\"et-pb-icon\">\ue09d<\/span><\/a><\/span><\/div>\n<\/div>\n<\/div>\n<\/div>\n<\/div>\n<\/div>\n\n<div class=\"et_pb_row_8 et_pb_row et_flex_row\">\n<div class=\"et_pb_column_13 et_pb_column et_flex_column et_pb_css_mix_blend_mode_passthrough et_flex_column_8_24 et_flex_column_8_24_tablet et_flex_column_24_24_phone\">\n<div class=\"et_pb_group_6 et_pb_group et_pb_module et_flex_group et_pb_css_mix_blend_mode_passthrough\">\n<div class=\"et_pb_image_3 et_pb_image et_pb_module et_block_module\"><span class=\"et_pb_image_wrap\"><img loading=\"lazy\" decoding=\"async\" src=\"https:\/\/reducio.com\/wp-content\/uploads\/2025\/10\/Florent-Leloup_chef-de-projet-achats.jpg\" alt=\"Florent Leloup, Chef de projet achats\" width=\"300\" height=\"300\" srcset=\"https:\/\/reducio.com\/wp-content\/uploads\/2025\/10\/Florent-Leloup_chef-de-projet-achats.jpg 300w\" sizes=\"(max-width: 300px) 100vw, 300px\" class=\"wp-image-942\" \/><\/span><\/div>\n\n<div class=\"et_pb_heading_8 et_pb_heading et_pb_module et_block_module\"><div class=\"et_pb_heading_container\"><h4 class=\"et_pb_module_header\">Florent Leloup<\/h4><\/div><\/div>\n\n<div class=\"et_pb_text_7 et_pb_text et_pb_bg_layout_light et_pb_module et_block_module\"><div class=\"et_pb_text_inner\"><p>EINKAUFSPROJEKTLEITER<\/p>\n<\/div><\/div>\n\n<div class=\"et_pb_divider_3 et_pb_divider et_pb_space et_pb_divider_position_top et_pb_module\"><div class=\"et_pb_divider_internal\"><\/div><\/div>\n\n<div class=\"et_pb_text_8 et_pb_text et_pb_bg_layout_light et_pb_module et_block_module\"><div class=\"et_pb_text_inner\"><p>5 Jahre Erfahrung als Transportk\u00e4ufer bei RHENUS LOGISTICS und ESSILOR<\/p>\n<p>3 Jahre in der Supply Chain: Automobilindustrie bei FEDERAL MOGUL und RENAULT<\/p>\n<\/div><\/div>\n<\/div>\n\n<div class=\"et_pb_group_7 et_pb_group et-last-child et_pb_module et_flex_group et_pb_css_mix_blend_mode_passthrough\">\n<div class=\"et_pb_row_9 et_pb_row et_pb_row_nested et_flex_row\">\n<div class=\"et_pb_column_14 et_pb_column et-last-child et_flex_column et_pb_css_mix_blend_mode_passthrough et_flex_column_24_24 et_flex_column_24_24_tablet et_flex_column_24_24_phone\">\n<div class=\"et_pb_icon_6 et_pb_icon et_clickable et_pb_module et_block_module\"><span class=\"et_pb_icon_wrap\"><a href=\"mailto:florent.leloup@reducio.com\" target=\"_blank\"><span class=\"et-pb-icon\">\uf0e0<\/span><\/a><\/span><\/div>\n\n<div class=\"et_pb_icon_7 et_pb_icon et_clickable et_pb_module et_block_module\"><span class=\"et_pb_icon_wrap\"><a href=\"https:\/\/www.linkedin.com\/in\/florent-leloup\/\" target=\"_blank\"><span class=\"et-pb-icon\">\ue09d<\/span><\/a><\/span><\/div>\n<\/div>\n<\/div>\n<\/div>\n<\/div>\n\n<div class=\"et_pb_column_15 et_pb_column et-last-child et_flex_column et_pb_css_mix_blend_mode_passthrough et_flex_column_8_24 et_flex_column_8_24_tablet et_flex_column_24_24_phone\">\n<div class=\"et_pb_group_8 et_pb_group et_pb_module et_flex_group et_pb_css_mix_blend_mode_passthrough\">\n<div class=\"et_pb_image_4 et_pb_image et_pb_module et_block_module\"><span class=\"et_pb_image_wrap\"><img loading=\"lazy\" decoding=\"async\" src=\"https:\/\/reducio.com\/wp-content\/uploads\/2025\/10\/Axel-ROTH-Acheteur-Reducio.jpg\" alt=\"Axel ROTH, Acheteur\" width=\"300\" height=\"300\" srcset=\"https:\/\/reducio.com\/wp-content\/uploads\/2025\/10\/Axel-ROTH-Acheteur-Reducio.jpg 300w\" sizes=\"(max-width: 300px) 100vw, 300px\" class=\"wp-image-941\" \/><\/span><\/div>\n\n<div class=\"et_pb_heading_9 et_pb_heading et_pb_module et_block_module\"><div class=\"et_pb_heading_container\"><h4 class=\"et_pb_module_header\">Axel ROTH<\/h4><\/div><\/div>\n\n<div class=\"et_pb_text_9 et_pb_text et_pb_bg_layout_light et_pb_module et_block_module\"><div class=\"et_pb_text_inner\"><p><span style=\"font-weight: 400; text-transform:uppercase;\">Eink\u00e4ufer<\/span><\/p>\n<\/div><\/div>\n\n<div class=\"et_pb_divider_4 et_pb_divider et_pb_space et_pb_divider_position_top et_pb_module\"><div class=\"et_pb_divider_internal\"><\/div><\/div>\n\n<div class=\"et_pb_text_10 et_pb_text et_pb_bg_layout_light et_pb_module et_block_module\"><div class=\"et_pb_text_inner\"><p>2 Jahre Erfahrung im Einkauf bei FLENDER<\/p>\n<\/div><\/div>\n<\/div>\n\n<div class=\"et_pb_group_9 et_pb_group et-last-child et_pb_module et_flex_group et_pb_css_mix_blend_mode_passthrough\">\n<div class=\"et_pb_row_10 et_pb_row et_pb_row_nested et_flex_row\">\n<div class=\"et_pb_column_16 et_pb_column et-last-child et_flex_column et_pb_css_mix_blend_mode_passthrough et_flex_column_24_24 et_flex_column_24_24_tablet et_flex_column_24_24_phone\">\n<div class=\"et_pb_icon_8 et_pb_icon et_clickable et_pb_module et_block_module\"><span class=\"et_pb_icon_wrap\"><a href=\"mailto:axel.roth@reducio.com\" target=\"_blank\"><span class=\"et-pb-icon\">\uf0e0<\/span><\/a><\/span><\/div>\n\n<div class=\"et_pb_icon_9 et_pb_icon et_pb_module et_block_module\"><span class=\"et_pb_icon_wrap\"><span class=\"et-pb-icon\">\ue09d<\/span><\/span><\/div>\n<\/div>\n<\/div>\n<\/div>\n<\/div>\n<\/div>\n<\/div>\n\n<div class=\"et_pb_section_3 et_pb_section et_section_regular et_flex_section\">\n<div class=\"et_pb_row_11 et_pb_row et_flex_row\">\n<div class=\"et_pb_column_17 et_pb_column et-last-child et_flex_column et_pb_css_mix_blend_mode_passthrough et_flex_column_24_24 et_flex_column_24_24_tablet et_flex_column_24_24_phone\">\n<div class=\"et_pb_module et_pb_button_module_wrapper et_pb_button_0_wrapper\"><a class=\"et_pb_button_0 et_pb_button et_pb_bg_layout_light et_animated et_pb_module et_block_module\" href=\"\">Treffen Sie uns<\/a><\/div>\n<\/div>\n<\/div>\n<\/div>","protected":false},"excerpt":{"rendered":"<p>Entdecken Sie die Expertise von Reducio: Einkaufsoptimierung, B\u00fcndelung, Lieferantenverhandlungen und nachhaltige Kostensenkung. Wir unterst\u00fctzen KMU, mittelst\u00e4ndische und gro\u00dfe Unternehmen dabei, ihre Einkaufsstrategie zu modernisieren und Werte zu schaffen. <\/p>\n","protected":false},"author":3,"featured_media":0,"parent":0,"menu_order":0,"comment_status":"closed","ping_status":"closed","template":"","meta":{"footnotes":""},"class_list":["post-1567","page","type-page","status-publish","hentry"],"_links":{"self":[{"href":"https:\/\/reducio.com\/de\/wp-json\/wp\/v2\/pages\/1567","targetHints":{"allow":["GET"]}}],"collection":[{"href":"https:\/\/reducio.com\/de\/wp-json\/wp\/v2\/pages"}],"about":[{"href":"https:\/\/reducio.com\/de\/wp-json\/wp\/v2\/types\/page"}],"author":[{"embeddable":true,"href":"https:\/\/reducio.com\/de\/wp-json\/wp\/v2\/users\/3"}],"replies":[{"embeddable":true,"href":"https:\/\/reducio.com\/de\/wp-json\/wp\/v2\/comments?post=1567"}],"version-history":[{"count":1,"href":"https:\/\/reducio.com\/de\/wp-json\/wp\/v2\/pages\/1567\/revisions"}],"predecessor-version":[{"id":1568,"href":"https:\/\/reducio.com\/de\/wp-json\/wp\/v2\/pages\/1567\/revisions\/1568"}],"wp:attachment":[{"href":"https:\/\/reducio.com\/de\/wp-json\/wp\/v2\/media?parent=1567"}],"curies":[{"name":"wp","href":"https:\/\/api.w.org\/{rel}","templated":true}]}}