{"id":1561,"date":"2025-10-24T15:16:42","date_gmt":"2025-10-24T13:16:42","guid":{"rendered":"https:\/\/reducio.com\/internationale-entwicklung\/"},"modified":"2026-02-06T15:31:21","modified_gmt":"2026-02-06T14:31:21","slug":"internationale-entwicklung","status":"publish","type":"page","link":"https:\/\/reducio.com\/de\/internationale-entwicklung\/","title":{"rendered":"Internationale Entwicklung"},"content":{"rendered":"<div class=\"et_pb_section_0 et_pb_section et_section_regular et_flex_section\">\n<div class=\"et_pb_row_0 et_pb_row et_flex_row preset--group--divi-row--divi-background--w5gmw7yfrn\">\n<div class=\"et_pb_column_0 et_pb_column et-last-child et_flex_column et_pb_css_mix_blend_mode_passthrough et_flex_column_24_24 et_flex_column_24_24_tablet et_flex_column_24_24_phone\">\n<ul class=\"et_pb_icon_list_0 et_pb_icon_list et_pb_module et_flex_module preset--module--divi-icon-list--2lzliyn0h6\">\n<li class=\"et_pb_icon_list_item_0 et_pb_icon_list_item et_pb_module et_flex_module\"><span class=\"et-pb-icon\">\uf30b<\/span><div class=\"et_pb_icon_list_text\">\u00dcBER UNS<\/div><\/li>\n<\/ul>\n\n<div class=\"et_pb_heading_0 et_pb_heading et_pb_module et_block_module\"><div class=\"et_pb_heading_container\"><h1 class=\"et_pb_module_header\">Internationale Entwicklung<\/h1><\/div><\/div>\n\n<div class=\"et_pb_text_0 et_pb_text et_pb_bg_layout_light et_pb_module et_block_module\"><div class=\"et_pb_text_inner\"><p>REDUCIO kann seine Kunden an ihren Standorten in Europa und anderswo begleiten.<\/p>\n<\/div><\/div>\n<\/div>\n<\/div>\n\n<div class=\"et_pb_row_1 et_pb_row et_flex_row numbers-line\">\n<div class=\"et_pb_column_1 et_pb_column et_flex_column et_pb_css_mix_blend_mode_passthrough et_flex_column_8_24 et_flex_column_8_24_tablet et_flex_column_24_24_phone\">\n<div class=\"et_pb_number_counter_0 et_pb_number_counter et_pb_bg_layout_light et_pb_text_align_center et_pb_with_title et_pb_module et_block_module preset--module--divi-number-counter--default\"><div class=\"percent\"><p><span class=\"percent-value\"><\/span><span class=\"percent-sign\"><\/span><\/p><\/div><h3 class=\"title\">Einkauf in den wichtigsten globalen Industriezentren<\/h3><\/div>\n<\/div>\n\n<div class=\"et_pb_column_2 et_pb_column et_flex_column et_pb_css_mix_blend_mode_passthrough et_flex_column_8_24 et_flex_column_8_24_tablet et_flex_column_24_24_phone\">\n<div class=\"et_pb_number_counter_1 et_pb_number_counter et_pb_bg_layout_light et_pb_text_align_center et_pb_with_title et_pb_module et_block_module preset--module--divi-number-counter--default\"><div class=\"percent\"><p><span class=\"percent-value\"><\/span><span class=\"percent-sign\"><\/span><\/p><\/div><h3 class=\"title\">abgedeckte Incoterms<\/h3><\/div>\n<\/div>\n\n<div class=\"et_pb_column_3 et_pb_column et-last-child et_flex_column et_pb_css_mix_blend_mode_passthrough et_flex_column_8_24 et_flex_column_8_24_tablet et_flex_column_24_24_phone\">\n<div class=\"et_pb_number_counter_2 et_pb_number_counter et_pb_bg_layout_light et_pb_text_align_center et_pb_with_title et_pb_module et_block_module preset--module--divi-number-counter--default\"><div class=\"percent\"><p><span class=\"percent-value\"><\/span><span class=\"percent-sign\"><\/span><\/p><\/div><h3 class=\"title\">Internationale Lieferanten<\/h3><\/div>\n<\/div>\n<\/div>\n<\/div>\n\n<div class=\"et_pb_section_1 et_pb_section et_section_regular et_flex_section\">\n<div class=\"et_pb_row_2 et_pb_row et_flex_row\">\n<div class=\"et_pb_column_4 et_pb_column et-last-child et_flex_column et_pb_css_mix_blend_mode_passthrough et_flex_column_24_24 et_flex_column_24_24_tablet et_flex_column_24_24_phone\">\n<div class=\"et_pb_heading_1 et_pb_heading et_pb_module et_block_module\"><div class=\"et_pb_heading_container\"><h2 class=\"et_pb_module_header\">Je nach Volumen und gew\u00fcnschtem Serviceniveau sind mehrere Optionen f\u00fcr jeden Standort m\u00f6glich und anpassbar:<\/h2><\/div><\/div>\n<\/div>\n<\/div>\n\n<div class=\"et_pb_row_3 et_pb_row et_flex_row\">\n<div class=\"et_pb_column_5 et_pb_column et_flex_column et_pb_css_mix_blend_mode_passthrough et_flex_column_12_24 et_flex_column_12_24_tablet et_flex_column_24_24_phone\">\n<div class=\"et_pb_heading_2 et_pb_heading et_pb_module et_block_module\"><div class=\"et_pb_heading_container\"><h3 class=\"et_pb_module_header\">Geringes Volumen<\/h3><\/div><\/div>\n\n<ul class=\"et_pb_icon_list_1 et_pb_icon_list et_pb_module et_flex_module checked-list\">\n<li class=\"et_pb_icon_list_item_1 et_pb_icon_list_item et_pb_module et_flex_module\"><span class=\"et-pb-icon\">\uf058<\/span><div class=\"et_pb_icon_list_text\">Virtuelles Front Office<\/div><\/li>\n\n<li class=\"et_pb_icon_list_item_2 et_pb_icon_list_item et_pb_module et_flex_module\"><span class=\"et-pb-icon\">\uf058<\/span><div class=\"et_pb_icon_list_text\">Plattform in lokaler Sprache \u00fcbersetzt<\/div><\/li>\n\n<li class=\"et_pb_icon_list_item_3 et_pb_icon_list_item et_pb_module et_flex_module\"><span class=\"et-pb-icon\">\uf058<\/span><div class=\"et_pb_icon_list_text\">Dokumentation in lokaler Sprache<\/div><\/li>\n\n<li class=\"et_pb_icon_list_item_4 et_pb_icon_list_item et_pb_module et_flex_module\"><span class=\"et-pb-icon\">\uf058<\/span><div class=\"et_pb_icon_list_text\">\u00dcbernahme des lokalen Steuersystems<\/div><\/li>\n\n<li class=\"et_pb_icon_list_item_5 et_pb_icon_list_item et_pb_module et_flex_module\"><span class=\"et-pb-icon\">\uf058<\/span><div class=\"et_pb_icon_list_text\">Dediziertes Verwaltungszentrum<\/div><\/li>\n<\/ul>\n<\/div>\n\n<div class=\"et_pb_column_6 et_pb_column et-last-child et_flex_column et_pb_css_mix_blend_mode_passthrough et_flex_column_12_24 et_flex_column_12_24_tablet et_flex_column_24_24_phone\">\n<div class=\"et_pb_heading_3 et_pb_heading et_pb_module et_block_module\"><div class=\"et_pb_heading_container\"><h3 class=\"et_pb_module_header\">Signifikantes Volumen (bitte kontaktieren Sie uns)<\/h3><\/div><\/div>\n\n<ul class=\"et_pb_icon_list_2 et_pb_icon_list et_pb_module et_flex_module checked-list\">\n<li class=\"et_pb_icon_list_item_6 et_pb_icon_list_item et_pb_module et_flex_module\"><span class=\"et-pb-icon\">\uf058<\/span><div class=\"et_pb_icon_list_text\">Dienstleistungen f\u00fcr geringes Volumen und zus\u00e4tzlich:<\/div><\/li>\n<\/ul>\n\n<ul class=\"et_pb_icon_list_3 et_pb_icon_list et_pb_module et_flex_module\">\n<li class=\"et_pb_icon_list_item_7 et_pb_icon_list_item et_pb_module et_flex_module\"><span class=\"et-pb-icon\">$<\/span><div class=\"et_pb_icon_list_text\">Front Office vor Ort<\/div><\/li>\n\n<li class=\"et_pb_icon_list_item_8 et_pb_icon_list_item et_pb_module et_flex_module\"><span class=\"et-pb-icon\">$<\/span><div class=\"et_pb_icon_list_text\">Integration von E-Katalogen lokaler Lieferanten<\/div><\/li>\n\n<li class=\"et_pb_icon_list_item_9 et_pb_icon_list_item et_pb_module et_flex_module\"><span class=\"et-pb-icon\">$<\/span><div class=\"et_pb_icon_list_text\">Integration in das lokale Steuersystem<\/div><\/li>\n\n<li class=\"et_pb_icon_list_item_10 et_pb_icon_list_item et_pb_module et_flex_module\"><span class=\"et-pb-icon\">$<\/span><div class=\"et_pb_icon_list_text\">Lokale Telefonnummer<\/div><\/li>\n\n<li class=\"et_pb_icon_list_item_11 et_pb_icon_list_item et_pb_module et_flex_module\"><span class=\"et-pb-icon\">$<\/span><div class=\"et_pb_icon_list_text\">Lokale REDUCIO-Tochtergesellschaft (Option je nach Fall zu pr\u00fcfen)<\/div><\/li>\n<\/ul>\n<\/div>\n<\/div>\n\n<div class=\"et_pb_row_4 et_pb_row et_flex_row\">\n<div class=\"et_pb_column_7 et_pb_column et-last-child et_flex_column et_pb_css_mix_blend_mode_passthrough et_flex_column_24_24 et_flex_column_24_24_tablet et_flex_column_24_24_phone\">\n<div class=\"et_pb_heading_4 et_pb_heading et_pb_module et_block_module\"><div class=\"et_pb_heading_container\"><h3 class=\"et_pb_module_header\">REDUCIO Telefonnummern:<\/h3><\/div><\/div>\n\n<div class=\"et_pb_text_1 et_pb_text et_pb_bg_layout_light et_pb_module et_block_module\"><div class=\"et_pb_text_inner\"><p><img loading=\"lazy\" decoding=\"async\" src=\"https:\/\/reducio.com\/wp-content\/uploads\/2025\/10\/Tel-Reducio-France.png\" width=\"25\" height=\"20\" alt=\"Reducio Frankreich Telefonnummer\" class=\"flag\">  +33 3 88 30 13 92<\/p>\n<p><img loading=\"lazy\" decoding=\"async\" src=\"https:\/\/reducio.com\/wp-content\/uploads\/2025\/10\/Tel-Reducio-Allemagne.png\" width=\"25\" height=\"20\" alt=\"Reducio Deutschland Telefonnummer\" class=\"flag\"> Telefonnummer folgt<\/p>\n<p><img loading=\"lazy\" decoding=\"async\" src=\"https:\/\/reducio.com\/wp-content\/uploads\/2025\/10\/Tel-Reducio-Suisse.png\" width=\"25\" height=\"20\" alt=\"Reducio Schweiz Telefonnummer\" class=\"flag\"> Telefonnummer folgt \/ Num\u00e9ro \u00e0 venir \/ Numero di telefono a venire<\/p>\n<\/div><\/div>\n<\/div>\n<\/div>\n<\/div>\n\n<div class=\"et_pb_section_2 et_pb_section et_section_regular et_flex_section\">\n<div class=\"et_pb_row_5 et_pb_row et_flex_row\">\n<div class=\"et_pb_column_8 et_pb_column et-last-child et_flex_column et_pb_css_mix_blend_mode_passthrough et_flex_column_24_24 et_flex_column_24_24_tablet et_flex_column_24_24_phone\">\n<div class=\"et_pb_module et_pb_button_module_wrapper et_pb_button_0_wrapper\"><a class=\"et_pb_button_0 et_pb_button et_pb_bg_layout_light et_animated et_pb_module et_block_module\" href=\"\">Kontaktieren Sie uns<\/a><\/div>\n<\/div>\n<\/div>\n<\/div>","protected":false},"excerpt":{"rendered":"<p>Reducio begleitet Unternehmen bei ihrer internationalen Entwicklung: globale Einkaufsstrategie, Exportunterst\u00fctzung, internationales Sourcing und Kostenoptimierung, um auf neuen M\u00e4rkten erfolgreich zu sein.<\/p>\n","protected":false},"author":3,"featured_media":0,"parent":0,"menu_order":0,"comment_status":"closed","ping_status":"closed","template":"","meta":{"footnotes":""},"class_list":["post-1561","page","type-page","status-publish","hentry"],"_links":{"self":[{"href":"https:\/\/reducio.com\/de\/wp-json\/wp\/v2\/pages\/1561","targetHints":{"allow":["GET"]}}],"collection":[{"href":"https:\/\/reducio.com\/de\/wp-json\/wp\/v2\/pages"}],"about":[{"href":"https:\/\/reducio.com\/de\/wp-json\/wp\/v2\/types\/page"}],"author":[{"embeddable":true,"href":"https:\/\/reducio.com\/de\/wp-json\/wp\/v2\/users\/3"}],"replies":[{"embeddable":true,"href":"https:\/\/reducio.com\/de\/wp-json\/wp\/v2\/comments?post=1561"}],"version-history":[{"count":1,"href":"https:\/\/reducio.com\/de\/wp-json\/wp\/v2\/pages\/1561\/revisions"}],"predecessor-version":[{"id":1562,"href":"https:\/\/reducio.com\/de\/wp-json\/wp\/v2\/pages\/1561\/revisions\/1562"}],"wp:attachment":[{"href":"https:\/\/reducio.com\/de\/wp-json\/wp\/v2\/media?parent=1561"}],"curies":[{"name":"wp","href":"https:\/\/api.w.org\/{rel}","templated":true}]}}