{"id":1557,"date":"2025-10-03T17:40:41","date_gmt":"2025-10-03T15:40:41","guid":{"rendered":"https:\/\/reducio.com\/organisationsberatung-und-einkaufstransformation\/"},"modified":"2026-03-09T17:53:08","modified_gmt":"2026-03-09T16:53:08","slug":"organisationsberatung-und-einkaufstransformation","status":"publish","type":"page","link":"https:\/\/reducio.com\/de\/organisationsberatung-und-einkaufstransformation\/","title":{"rendered":"Organisationsberatung und Einkaufstransformation"},"content":{"rendered":"<div class=\"et_pb_section_0 et_pb_section et_section_regular et_flex_section\">\n<div class=\"et_pb_row_0 et_pb_row et_flex_row preset--group--divi-row--divi-background--w5gmw7yfrn\">\n<div class=\"et_pb_column_0 et_pb_column et-last-child et_flex_column et_pb_css_mix_blend_mode_passthrough et_flex_column_24_24 et_flex_column_24_24_tablet et_flex_column_24_24_phone\">\n<ul class=\"et_pb_icon_list_0 et_pb_icon_list et_pb_module et_flex_module preset--module--divi-icon-list--2lzliyn0h6\">\n<li class=\"et_pb_icon_list_item_0 et_pb_icon_list_item et_pb_module et_flex_module\"><span class=\"et-pb-icon\">\uf30b<\/span><div class=\"et_pb_icon_list_text\">UNSERE DIENSTLEISTUNGEN<\/div><\/li>\n<\/ul>\n\n<div class=\"et_pb_heading_0 et_pb_heading et_pb_module et_block_module\"><div class=\"et_pb_heading_container\"><h1 class=\"et_pb_module_header\">EINKAUFSBERATUNG<\/h1><\/div><\/div>\n\n<div class=\"et_pb_text_0 et_pb_text et_pb_bg_layout_light et_pb_module et_block_module\"><div class=\"et_pb_text_inner\"><p><strong>Entwicklung Ihrer Einkaufsorganisation<\/strong><\/p>\n<p><span>REDUCIO hilft Ihnen, Ihren Einkauf strukturell und nachhaltig zu st\u00e4rken. Unsere in vielen verschiedenen Umgebungen erprobte Methode erm\u00f6glicht den Aufbau eines umfassenden Transformationsplans. <\/span><\/p>\n<\/div><\/div>\n<\/div>\n<\/div>\n\n<div class=\"et_pb_row_1 et_pb_row et_flex_row numbers-line\">\n<div class=\"et_pb_column_1 et_pb_column et_flex_column et_pb_css_mix_blend_mode_passthrough et_flex_column_6_24 et_flex_column_12_24_tablet et_flex_column_24_24_phone\">\n<div class=\"et_pb_number_counter_0 et_pb_number_counter et_pb_bg_layout_light et_pb_text_align_center et_pb_with_title et_pb_module et_block_module preset--module--divi-number-counter--default\"><div class=\"percent\"><p><span class=\"percent-value\"><\/span><span class=\"percent-sign\"><\/span><\/p><\/div><h3 class=\"title\">Personen profitieren von einer modernisierten Organisation<\/h3><\/div>\n<\/div>\n\n<div class=\"et_pb_column_2 et_pb_column et-last-child et_flex_column et_pb_css_mix_blend_mode_passthrough et_flex_column_6_24 et_flex_column_12_24_tablet et_flex_column_24_24_phone\">\n<div class=\"et_pb_number_counter_1 et_pb_number_counter et_pb_bg_layout_light et_pb_text_align_center et_pb_with_title et_pb_module et_block_module preset--module--divi-number-counter--default\"><div class=\"percent\"><p><span class=\"percent-value\"><\/span><span class=\"percent-sign\"><\/span><\/p><\/div><h3 class=\"title\">neu organisierte Standorte<\/h3><\/div>\n<\/div>\n<\/div>\n<\/div>\n\n<div class=\"et_pb_section_1 et_pb_section et_section_regular et_flex_section\">\n<div class=\"et_pb_row_2 et_pb_row et_flex_row\">\n<div class=\"et_pb_column_3 et_pb_column et_flex_column et_pb_css_mix_blend_mode_passthrough et_flex_column_12_24 et_flex_column_12_24_tablet et_flex_column_24_24_phone\">\n<div class=\"et_pb_text_1 et_pb_text et_pb_bg_layout_light et_pb_module et_block_module\"><div class=\"et_pb_text_inner\"><p><span>Die operative Einkaufsberatung befasst sich mit den Prozessen, Tools und Einkaufsressourcen der Kundenorganisation. Dies ist eine der <strong>Kernaktivit\u00e4ten<\/strong> und historischen St\u00e4rken von REDUCIO, die <strong>seit 10 Jahren<\/strong> von ihren Kunden gesch\u00e4tzt wird. <\/span><\/p>\n<p>Eine Besonderheit von REDUCIO ist die Nutzung einer<span> <\/span><strong>starken operativen Erfahrung<\/strong><span> <\/span>die wir durch unsere zahlreichen Kundenprojekte, aber auch durch unsere eigenen Einkaufsaktivit\u00e4ten gesammelt haben. Wir beschr\u00e4nken uns nicht auf die Strategie, <span> <\/span><strong>wir setzen sie auch um<\/strong><span> <\/span>und wir sind uns der vielen Komplexit\u00e4ten einer Transformation, die interne Beziehungen und Lieferanten betrifft, voll bewusst.<\/p>\n<\/div><\/div>\n<\/div>\n\n<div class=\"et_pb_column_4 et_pb_column et-last-child et_flex_column et_pb_css_mix_blend_mode_passthrough et_flex_column_12_24 et_flex_column_12_24_tablet et_flex_column_24_24_phone\">\n<div class=\"et_pb_image_0 et_pb_image et_pb_module et_block_module\"><span class=\"et_pb_image_wrap\"><img loading=\"lazy\" decoding=\"async\" src=\"https:\/\/reducio.com\/wp-content\/uploads\/2026\/03\/Gemini_Generated_Image_ezc619ezc619ezc6-1.png\" title=\"Gemini_Generated_Image_ezc619ezc619ezc6 (1)\" width=\"2678\" height=\"1600\" srcset=\"https:\/\/reducio.com\/wp-content\/uploads\/2026\/03\/Gemini_Generated_Image_ezc619ezc619ezc6-1.png 2678w, https:\/\/reducio.com\/wp-content\/uploads\/2026\/03\/Gemini_Generated_Image_ezc619ezc619ezc6-1-1280x765.png 1280w, https:\/\/reducio.com\/wp-content\/uploads\/2026\/03\/Gemini_Generated_Image_ezc619ezc619ezc6-1-980x586.png 980w, https:\/\/reducio.com\/wp-content\/uploads\/2026\/03\/Gemini_Generated_Image_ezc619ezc619ezc6-1-480x287.png 480w\" sizes=\"(min-width: 0px) and (max-width: 480px) 480px, (min-width: 481px) and (max-width: 980px) 980px, (min-width: 981px) and (max-width: 1280px) 1280px, (min-width: 1281px) 2678px, 100vw\" class=\"wp-image-1698\" alt=\"Conseils en organisation d&#039;achats\" \/><\/span><\/div>\n\n<div class=\"et_pb_text_2 et_pb_text et_pb_bg_layout_light et_pb_module et_block_module\"><div class=\"et_pb_text_inner\"><p><span style=\"font-weight: 400;\">\u00a9 REDUCIO<\/span><\/p>\n<\/div><\/div>\n<\/div>\n<\/div>\n\n<div class=\"et_pb_row_3 et_pb_row et_flex_row\">\n<div class=\"et_pb_column_5 et_pb_column et_flex_column et_pb_css_mix_blend_mode_passthrough et_flex_column_2_5 et_flex_column_2_5_tablet et_flex_column_24_24_phone\">\n<div class=\"et_pb_image_1 et_pb_image et_pb_module et_block_module\"><span class=\"et_pb_image_wrap\"><img loading=\"lazy\" decoding=\"async\" src=\"https:\/\/reducio.com\/wp-content\/uploads\/2025\/11\/depenses-achats-strategiques.jpg\" alt=\"D\u00e9penses d&#039;achats strat\u00e9giques\" width=\"1375\" height=\"434\" srcset=\"https:\/\/reducio.com\/wp-content\/uploads\/2025\/11\/depenses-achats-strategiques.jpg 1375w\" sizes=\"(max-width: 1375px) 100vw, 1375px\" class=\"wp-image-1060\" \/><\/span><\/div>\n<\/div>\n\n<div class=\"et_pb_column_6 et_pb_column et-last-child et_flex_column et_pb_css_mix_blend_mode_passthrough et_flex_column_3_5 et_flex_column_3_5_tablet et_flex_column_24_24_phone\">\n<div class=\"et_pb_text_3 et_pb_text et_pb_bg_layout_light et_pb_module et_block_module\"><div class=\"et_pb_text_inner\"><p><span>Diese Aktivit\u00e4t betrifft haupts\u00e4chlich Organisationen mit<strong> <\/strong><\/span><strong>strategischen und\/oder kritischen Einkaufsaufwendungen<\/strong><span> f\u00fcr ihr Gesch\u00e4ft, die effiziente Einkaufsstrategien entwickeln m\u00f6chten. Die Leistungen sind vertraulich und erfolgen in der Regel in 3 Schritten:<\/span><\/p>\n<\/div><\/div>\n\n<ul class=\"et_pb_icon_list_1 et_pb_icon_list et_pb_module et_flex_module checked-list\">\n<li class=\"et_pb_icon_list_item_1 et_pb_icon_list_item et_pb_module et_flex_module\"><span class=\"et-pb-icon\">\uf058<\/span><div class=\"et_pb_icon_list_text\">Diagnosen &amp; Analysen<\/div><\/li>\n\n<li class=\"et_pb_icon_list_item_2 et_pb_icon_list_item et_pb_module et_flex_module\"><span class=\"et-pb-icon\">\uf058<\/span><div class=\"et_pb_icon_list_text\">Szenariovorschl\u00e4ge und ein Transformationsplan<\/div><\/li>\n\n<li class=\"et_pb_icon_list_item_3 et_pb_icon_list_item et_pb_module et_flex_module\"><span class=\"et-pb-icon\">\uf058<\/span><div class=\"et_pb_icon_list_text\">Begleitung bei der Umsetzung<\/div><\/li>\n<\/ul>\n<\/div>\n<\/div>\n\n<div class=\"et_pb_row_4 et_pb_row et_flex_row\">\n<div class=\"et_pb_column_7 et_pb_column et_flex_column et_pb_css_mix_blend_mode_passthrough et_flex_column_12_24 et_flex_column_12_24_tablet et_flex_column_24_24_phone\">\n<div class=\"et_pb_text_4 et_pb_text et_pb_bg_layout_light et_pb_module et_block_module\"><div class=\"et_pb_text_inner\"><p><span>REDUCIO hat eine Methodik entwickelt, die es erm\u00f6glicht,<\/span><strong> bestimmte oder alle Aspekte der Einkaufspraktiken<\/strong><span> einer Organisation (Struktur, Strategie, Kompetenz, Sourcing, Verhandlung, Vertragsgestaltung, Lieferantenleistungs\u00fcberwachung, Risikomanagement, digitaler Einkauf, verantwortungsvoller Einkauf) pr\u00e4zise zu bewerten. Diese Methodik, unterst\u00fctzt durch das Know-how erfahrener Experten, erm\u00f6glicht die Bereitstellung eines <\/span><strong>progressiven Transformationsplans<\/strong><span> mit Schl\u00fcsselphasen und einem Aktionsplan, der 5 oft wesentliche Achsen detailliert (Einkaufs-Personalressourcen, Einsparungen, Lieferantenleistung, Gesch\u00e4ftsunterst\u00fctzung und Absicherung).<\/span><\/p>\n<\/div><\/div>\n<\/div>\n\n<div class=\"et_pb_column_8 et_pb_column et-last-child et_flex_column et_pb_css_mix_blend_mode_passthrough et_flex_column_12_24 et_flex_column_12_24_tablet et_flex_column_24_24_phone\">\n<div class=\"et_pb_image_2 et_pb_image et_pb_module et_block_module\"><span class=\"et_pb_image_wrap\"><img loading=\"lazy\" decoding=\"async\" src=\"https:\/\/reducio.com\/wp-content\/uploads\/2025\/11\/plan-transformation-achats.jpg\" alt=\"Plan de transformation d&#039;achats\" width=\"384\" height=\"370\" srcset=\"https:\/\/reducio.com\/wp-content\/uploads\/2025\/11\/plan-transformation-achats.jpg 384w\" sizes=\"(max-width: 384px) 100vw, 384px\" class=\"wp-image-1061\" \/><\/span><\/div>\n<\/div>\n<\/div>\n\n<div class=\"et_pb_row_5 et_pb_row et_flex_row\">\n<div class=\"et_pb_column_9 et_pb_column et-last-child et_flex_column et_pb_css_mix_blend_mode_passthrough et_flex_column_24_24 et_flex_column_24_24_tablet et_flex_column_24_24_phone\">\n<div class=\"et_pb_text_5 et_pb_text et_pb_bg_layout_light et_pb_module et_block_module\"><div class=\"et_pb_text_inner\"><p><span><strong>Der Umfang ist variabel, von einem spezifischen Markt bis zur kompletten Multi-Site-, Multi-Markt-Organisation<\/strong>. Die Organisationen k\u00f6nnen Einzel- oder Multi-Site sein, unabh\u00e4ngig, aber durch einen gemeinsamen Aktion\u00e4r oder eine gemeinsame Vereinbarung, wie bei Franchise-Netzwerken, verbunden. <\/span><\/p>\n<p><span>Diese Leistungen basieren auf der Erfahrung von Experten, die in zahlreichen Einkaufsbereichen t\u00e4tig waren und mit vielen Herausforderungen konfrontiert wurden, wobei alle nachhaltige und zufriedenstellende L\u00f6sungen f\u00fcr alle Akteure der Lieferantenbeziehung gefunden haben.<\/span><\/p>\n<\/div><\/div>\n\n<div class=\"et_pb_image_3 et_pb_image et_pb_module et_block_module\"><span class=\"et_pb_image_wrap\"><img loading=\"lazy\" decoding=\"async\" src=\"https:\/\/reducio.com\/wp-content\/uploads\/2025\/11\/organisation-achats-multi-marches.jpg\" alt=\"Organisation d&#039;achats multi-march\u00e9s\" width=\"1465\" height=\"419\" srcset=\"https:\/\/reducio.com\/wp-content\/uploads\/2025\/11\/organisation-achats-multi-marches.jpg 1465w\" sizes=\"(max-width: 1465px) 100vw, 1465px\" class=\"wp-image-1063\" \/><\/span><\/div>\n<\/div>\n<\/div>\n<\/div>\n\n<div class=\"et_pb_section_2 et_pb_section et_section_regular et_flex_section\">\n<div class=\"et_pb_row_6 et_pb_row et_flex_row\">\n<div class=\"et_pb_column_10 et_pb_column et-last-child et_flex_column et_pb_css_mix_blend_mode_passthrough et_flex_column_24_24 et_flex_column_24_24_tablet et_flex_column_24_24_phone\">\n<div class=\"et_pb_text_6 et_pb_text et_pb_bg_layout_light et_pb_module et_block_module\"><div class=\"et_pb_text_inner\"><h3 style=\"text-align: center;\"><strong>Angesichts des strategischen Charakters der Beratungsauftr\u00e4ge unterst\u00fctzt Sie Laurent ALLARI, der Gr\u00fcnder von REDUCIO, vertraulich bei deren Umsetzung.<\/strong><\/h3>\n<\/div><\/div>\n\n<div class=\"et_pb_module et_pb_button_module_wrapper et_pb_button_0_wrapper\"><a class=\"et_pb_button_0 et_pb_button et_pb_bg_layout_light et_animated et_pb_module et_block_module\" href=\"\">Termin vereinbaren<\/a><\/div>\n<\/div>\n<\/div>\n<\/div>","protected":false},"excerpt":{"rendered":"<p>Entwicklung Ihrer Einkaufsorganisation.<br \/>\nREDUCIO hilft Ihnen, Ihren Einkauf strukturell und nachhaltig zu st\u00e4rken. Unsere in vielen verschiedenen Umgebungen erprobte Methode erm\u00f6glicht den Aufbau eines umfassenden Transformationsplans. <\/p>\n","protected":false},"author":3,"featured_media":0,"parent":0,"menu_order":0,"comment_status":"closed","ping_status":"closed","template":"","meta":{"footnotes":""},"class_list":["post-1557","page","type-page","status-publish","hentry"],"_links":{"self":[{"href":"https:\/\/reducio.com\/de\/wp-json\/wp\/v2\/pages\/1557","targetHints":{"allow":["GET"]}}],"collection":[{"href":"https:\/\/reducio.com\/de\/wp-json\/wp\/v2\/pages"}],"about":[{"href":"https:\/\/reducio.com\/de\/wp-json\/wp\/v2\/types\/page"}],"author":[{"embeddable":true,"href":"https:\/\/reducio.com\/de\/wp-json\/wp\/v2\/users\/3"}],"replies":[{"embeddable":true,"href":"https:\/\/reducio.com\/de\/wp-json\/wp\/v2\/comments?post=1557"}],"version-history":[{"count":2,"href":"https:\/\/reducio.com\/de\/wp-json\/wp\/v2\/pages\/1557\/revisions"}],"predecessor-version":[{"id":1709,"href":"https:\/\/reducio.com\/de\/wp-json\/wp\/v2\/pages\/1557\/revisions\/1709"}],"wp:attachment":[{"href":"https:\/\/reducio.com\/de\/wp-json\/wp\/v2\/media?parent=1557"}],"curies":[{"name":"wp","href":"https:\/\/api.w.org\/{rel}","templated":true}]}}