{"id":1542,"date":"2025-10-03T18:03:32","date_gmt":"2025-10-03T16:03:32","guid":{"rendered":"https:\/\/reducio.com\/ausschreibung-fuer-kampagneneinkaeufe\/"},"modified":"2026-02-06T15:24:09","modified_gmt":"2026-02-06T14:24:09","slug":"ausschreibung-fuer-kampagneneinkaeufe","status":"publish","type":"page","link":"https:\/\/reducio.com\/de\/ausschreibung-fuer-kampagneneinkaeufe\/","title":{"rendered":"Ausschreibung f\u00fcr Kampagneneink\u00e4ufe"},"content":{"rendered":"<div class=\"et_pb_section_0 et_pb_section et_section_regular et_flex_section\">\n<div class=\"et_pb_row_0 et_pb_row et_flex_row preset--group--divi-row--divi-background--w5gmw7yfrn\">\n<div class=\"et_pb_column_0 et_pb_column et-last-child et_flex_column et_pb_css_mix_blend_mode_passthrough et_flex_column_24_24 et_flex_column_24_24_tablet et_flex_column_24_24_phone\">\n<ul class=\"et_pb_icon_list_0 et_pb_icon_list et_pb_module et_flex_module preset--module--divi-icon-list--2lzliyn0h6\">\n<li class=\"et_pb_icon_list_item_0 et_pb_icon_list_item et_pb_module et_flex_module\"><span class=\"et-pb-icon\">\uf30b<\/span><div class=\"et_pb_icon_list_text\">UNSERE DIENSTLEISTUNGEN<\/div><\/li>\n<\/ul>\n\n<div class=\"et_pb_heading_0 et_pb_heading et_pb_module et_block_module\"><div class=\"et_pb_heading_container\"><h1 class=\"et_pb_module_header\">Ausschreibungskampagne<\/h1><\/div><\/div>\n\n<div class=\"et_pb_text_0 et_pb_text et_pb_bg_layout_light et_pb_module et_block_module\"><div class=\"et_pb_text_inner\"><p><strong>Kostenoptimierung in einer Einkaufskategorie.<\/strong><\/p>\n<p>Die REDUCIO-Ausschreibungskampagnen nutzen die Hebel der B\u00fcndelung und Zusammenarbeit, um die Kosten der teilnehmenden Kunden zu optimieren. Nicht-strategische Eink\u00e4ufe sind davon besonders betroffen. <\/p>\n<\/div><\/div>\n<\/div>\n<\/div>\n\n<div class=\"et_pb_row_1 et_pb_row et_flex_row numbers-line\">\n<div class=\"et_pb_column_1 et_pb_column et_flex_column et_pb_css_mix_blend_mode_passthrough et_flex_column_6_24 et_flex_column_12_24_tablet et_flex_column_24_24_phone\">\n<div class=\"et_pb_number_counter_0 et_pb_number_counter et_pb_bg_layout_light et_pb_text_align_center et_pb_with_title et_pb_module et_block_module preset--module--divi-number-counter--default\"><div class=\"percent\"><p><span class=\"percent-value\"><\/span><span class=\"percent-sign\"><\/span><\/p><\/div><h3 class=\"title\">erfolgreich durchgef\u00fchrte Kampagnen<\/h3><\/div>\n<\/div>\n\n<div class=\"et_pb_column_2 et_pb_column et-last-child et_flex_column et_pb_css_mix_blend_mode_passthrough et_flex_column_6_24 et_flex_column_12_24_tablet et_flex_column_24_24_phone\">\n<div class=\"et_pb_number_counter_1 et_pb_number_counter et_pb_bg_layout_light et_pb_text_align_center et_pb_with_title et_pb_module et_block_module preset--module--divi-number-counter--default\"><div class=\"percent\"><p><span class=\"percent-value\"><\/span><span class=\"percent-sign\"><\/span><\/p><\/div><h3 class=\"title\">30 bearbeitete Einkaufskategorien<\/h3><\/div>\n<\/div>\n<\/div>\n<\/div>\n\n<div class=\"et_pb_section_1 et_pb_section et_section_regular et_flex_section\">\n<div class=\"et_pb_row_2 et_pb_row et_flex_row\">\n<div class=\"et_pb_column_3 et_pb_column et_flex_column et_pb_css_mix_blend_mode_passthrough et_flex_column_3_5 et_flex_column_3_5_tablet et_flex_column_24_24_phone\">\n<div class=\"et_pb_text_1 et_pb_text et_pb_bg_layout_light et_pb_module et_block_module\"><div class=\"et_pb_text_inner\"><p><span><strong>Wir starten Ausschreibungskampagnen f\u00fcr eine Einkaufskategorie (einen Lieferantenmarkt), die f\u00fcr einige Kunden von Interesse ist. Anschlie\u00dfend rekrutieren wir aus unserer gro\u00dfen Kunden- und Interessentenbasis, um ein ausreichend signifikantes Einkaufsvolumen zu generieren, das es den Lieferanten erm\u00f6glicht, sehr attraktive Konditionen anzubieten.<\/strong> <\/span><\/p>\n<p><span>Diese Ausschreibungen sind standort\u00fcbergreifend oder sogar l\u00e4nder\u00fcbergreifend in Europa. Die B\u00fcndelung der Volumina bietet zahlreiche M\u00f6glichkeiten, sei es in Bezug auf Preise, Qualit\u00e4t, Dienstleistungen und nachhaltige Entwicklung (CSR). <\/span><\/p>\n<\/div><\/div>\n<\/div>\n\n<div class=\"et_pb_column_4 et_pb_column et-last-child et_flex_column et_pb_css_mix_blend_mode_passthrough et_flex_column_2_5 et_flex_column_2_5_tablet et_flex_column_24_24_phone\">\n<div class=\"et_pb_image_0 et_pb_image et_pb_module et_block_module\"><span class=\"et_pb_image_wrap\"><img loading=\"lazy\" decoding=\"async\" src=\"https:\/\/reducio.com\/wp-content\/uploads\/2025\/11\/Appel-offre-Reducio.jpg\" alt=\"Appel d&#039;offre d&#039;achats group\u00e9s Reducio\" width=\"380\" height=\"256\" srcset=\"https:\/\/reducio.com\/wp-content\/uploads\/2025\/11\/Appel-offre-Reducio.jpg 380w\" sizes=\"(max-width: 380px) 100vw, 380px\" class=\"wp-image-1041\" \/><\/span><\/div>\n<\/div>\n<\/div>\n\n<div class=\"et_pb_row_3 et_pb_row et_flex_row\">\n<div class=\"et_pb_column_5 et_pb_column et_flex_column et_pb_css_mix_blend_mode_passthrough et_flex_column_2_5 et_flex_column_2_5_tablet et_flex_column_24_24_phone\">\n<div class=\"et_pb_image_1 et_pb_image et_pb_module et_block_module\"><span class=\"et_pb_image_wrap\"><img loading=\"lazy\" decoding=\"async\" src=\"https:\/\/reducio.com\/wp-content\/uploads\/2025\/11\/campagne-appel-d-offre-achats-groupes.jpg\" alt=\"Campagne d&#039;appel d&#039;offre d&#039;achats group\u00e9s\" width=\"380\" height=\"256\" srcset=\"https:\/\/reducio.com\/wp-content\/uploads\/2025\/11\/campagne-appel-d-offre-achats-groupes.jpg 380w\" sizes=\"(max-width: 380px) 100vw, 380px\" class=\"wp-image-1043\" \/><\/span><\/div>\n<\/div>\n\n<div class=\"et_pb_column_6 et_pb_column et-last-child et_flex_column et_pb_css_mix_blend_mode_passthrough et_flex_column_3_5 et_flex_column_3_5_tablet et_flex_column_24_24_phone\">\n<div class=\"et_pb_text_2 et_pb_text et_pb_bg_layout_light et_pb_module et_block_module\"><div class=\"et_pb_text_inner\"><p><span><strong>Um an unseren Kampagnen teilzunehmen, ist es ganz einfach: Wir sammeln 12 Monate Rechnungen sowie die aktuellen Vertr\u00e4ge.<\/strong> <\/span><\/p>\n<p><span>Wir erg\u00e4nzen die Lastenhefte durch eine personalisierte \u00dcberpr\u00fcfung mit jedem Kunden, um alle Besonderheiten zu integrieren. Jeder Kunde erh\u00e4lt somit ein vollst\u00e4ndiges Lastenheft. Die Finanzierung von REDUCIO erfolgt in der Regel \u00fcber \u201eSuccess Fees\u201c, d.h. der Kunde tritt einen Teil der validierten und im Laufe der Zeit festgestellten Einsparungen ab. Die Berechnung der Einsparungen ist sehr detailliert und bewertet die zwischen Historie und Prognose generierten Einsparungen in voller Transparenz.   <\/span><\/p>\n<\/div><\/div>\n<\/div>\n<\/div>\n\n<div class=\"et_pb_row_4 et_pb_row et_flex_row\">\n<div class=\"et_pb_column_7 et_pb_column et_flex_column et_pb_css_mix_blend_mode_passthrough et_flex_column_3_5 et_flex_column_3_5_tablet et_flex_column_24_24_phone\">\n<div class=\"et_pb_text_3 et_pb_text et_pb_bg_layout_light et_pb_module et_block_module\"><div class=\"et_pb_text_inner\"><div class=\"et_pb_module et_pb_text et_pb_text_2 et_pb_text_align_left et_pb_bg_layout_light\">\n<div class=\"et_pb_text_inner\">\n<p><strong>Wir unterbreiten Ihnen personalisierte Angebote, die Ihren spezifischen Bed\u00fcrfnissen entsprechen und die Sie vor der Umsetzung validieren werden.<\/strong><\/p>\n<p>Da wir uns bewusst sind, dass ein Lieferanten-\/Dienstleisterwechsel eine wichtige Entscheidung ist, begleiten wir Sie gegebenenfalls vor, w\u00e4hrend und nach dem Prozess.<\/p>\n<p>F\u00fcr Lieferanten ist dies die Gelegenheit, an einer strukturierten und vollst\u00e4ndigen Ausschreibung mit attraktiven Volumina teilzunehmen. Es ist aber auch die Garantie f\u00fcr eine Begleitung bei der Umstellung mit willigen und offenen Kunden, die im Falle einer Auswahl die Umsetzung der Volumina konkretisieren.<\/p>\n<\/div>\n<\/div>\n<\/div><\/div>\n<\/div>\n\n<div class=\"et_pb_column_8 et_pb_column et-last-child et_flex_column et_pb_css_mix_blend_mode_passthrough et_flex_column_2_5 et_flex_column_2_5_tablet et_flex_column_24_24_phone\">\n<div class=\"et_pb_image_2 et_pb_image et_pb_module et_block_module\"><span class=\"et_pb_image_wrap\"><img loading=\"lazy\" decoding=\"async\" src=\"https:\/\/reducio.com\/wp-content\/uploads\/2025\/11\/offres-personnalisees-achats-materiel-entreprise.jpg\" alt=\"Offres personnalis\u00e9es d&#039;achats de mat\u00e9riel aux entreprises\" width=\"380\" height=\"256\" srcset=\"https:\/\/reducio.com\/wp-content\/uploads\/2025\/11\/offres-personnalisees-achats-materiel-entreprise.jpg 380w\" sizes=\"(max-width: 380px) 100vw, 380px\" class=\"wp-image-1044\" \/><\/span><\/div>\n<\/div>\n<\/div>\n<\/div>\n\n<div class=\"et_pb_section_2 et_pb_section et_section_regular et_flex_section\">\n<div class=\"et_pb_row_5 et_pb_row et_flex_row\">\n<div class=\"et_pb_column_9 et_pb_column et-last-child et_flex_column et_pb_css_mix_blend_mode_passthrough et_flex_column_24_24 et_flex_column_24_24_tablet et_flex_column_24_24_phone\">\n<div class=\"et_pb_module et_pb_button_module_wrapper et_pb_button_0_wrapper preset--module--divi-button--default_wrapper\"><a class=\"et_pb_button_0 et_pb_button et_pb_bg_layout_light et_animated et_pb_module et_block_module preset--module--divi-button--default\" href=\"\">Kontaktieren Sie uns<\/a><\/div>\n<\/div>\n<\/div>\n<\/div>","protected":false},"excerpt":{"rendered":"<p>Die REDUCIO-Ausschreibungskampagnen nutzen die Hebel der B\u00fcndelung und Zusammenarbeit, um die Kosten der teilnehmenden Kunden zu optimieren. Nicht-strategische Eink\u00e4ufe sind davon besonders betroffen. <\/p>\n","protected":false},"author":3,"featured_media":0,"parent":0,"menu_order":0,"comment_status":"closed","ping_status":"closed","template":"","meta":{"footnotes":""},"class_list":["post-1542","page","type-page","status-publish","hentry"],"_links":{"self":[{"href":"https:\/\/reducio.com\/de\/wp-json\/wp\/v2\/pages\/1542","targetHints":{"allow":["GET"]}}],"collection":[{"href":"https:\/\/reducio.com\/de\/wp-json\/wp\/v2\/pages"}],"about":[{"href":"https:\/\/reducio.com\/de\/wp-json\/wp\/v2\/types\/page"}],"author":[{"embeddable":true,"href":"https:\/\/reducio.com\/de\/wp-json\/wp\/v2\/users\/3"}],"replies":[{"embeddable":true,"href":"https:\/\/reducio.com\/de\/wp-json\/wp\/v2\/comments?post=1542"}],"version-history":[{"count":3,"href":"https:\/\/reducio.com\/de\/wp-json\/wp\/v2\/pages\/1542\/revisions"}],"predecessor-version":[{"id":1554,"href":"https:\/\/reducio.com\/de\/wp-json\/wp\/v2\/pages\/1542\/revisions\/1554"}],"wp:attachment":[{"href":"https:\/\/reducio.com\/de\/wp-json\/wp\/v2\/media?parent=1542"}],"curies":[{"name":"wp","href":"https:\/\/api.w.org\/{rel}","templated":true}]}}